{"id":987505982,"date":"2024-06-27T16:21:17","date_gmt":"2024-06-27T14:21:17","guid":{"rendered":"https:\/\/www.demag-pvc.com\/garagentore\/"},"modified":"2024-10-21T17:27:27","modified_gmt":"2024-10-21T15:27:27","slug":"garagentore","status":"publish","type":"page","link":"https:\/\/demag-pvc.com\/de\/garagentore\/","title":{"rendered":"Garagentore"},"content":{"rendered":"<p>[et_pb_section fb_built=&#8220;1&#8243; custom_padding_last_edited=&#8220;on|tablet&#8220; _builder_version=&#8220;4.26.0&#8243; _module_preset=&#8220;default&#8220; background_color=&#8220;rgba(56,62,66,0.61)&#8220; background_image=&#8220;https:\/\/demag-pvc.com\/wp-content\/uploads\/demagGarage.jpg&#8220; background_blend=&#8220;overlay&#8220; overflow-x=&#8220;hidden&#8220; overflow-y=&#8220;hidden&#8220; custom_margin=&#8220;0px||0px||false|false&#8220; custom_padding=&#8220;181px||181px||true|false&#8220; custom_padding_tablet=&#8220;120px||90px||false|false&#8220; custom_padding_phone=&#8220;90px||60px||false|false&#8220; animation_style=&#8220;fade&#8220; animation_speed_curve=&#8220;ease&#8220; locked=&#8220;off&#8220; global_colors_info=&#8220;{}&#8220;][et_pb_row column_structure=&#8220;3_5,2_5&#8243; use_custom_gutter=&#8220;on&#8220; module_class=&#8220;construction-23-inlbtn-sc res-trans-on-1670&#8243; _builder_version=&#8220;4.26.0&#8243; _module_preset=&#8220;default&#8220; width=&#8220;90%&#8220; custom_margin=&#8220;0px||0px||false|false&#8220; custom_padding=&#8220;0px||0px||false|false&#8220; global_colors_info=&#8220;{}&#8220;][et_pb_column type=&#8220;3_5&#8243; _builder_version=&#8220;4.26.0&#8243; _module_preset=&#8220;default&#8220; background_color=&#8220;#FFFFFF&#8220; transform_scale_tablet=&#8220;&#8220; transform_scale_phone=&#8220;&#8220; transform_scale_last_edited=&#8220;on|desktop&#8220; transform_translate=&#8220;-80px|0px&#8220; transform_translate_tablet=&#8220;0px|0px&#8220; transform_translate_phone=&#8220;0px|0px&#8220; transform_translate_last_edited=&#8220;on|tablet&#8220; transform_translate_linked=&#8220;off&#8220; transform_rotate_tablet=&#8220;&#8220; transform_rotate_phone=&#8220;&#8220; transform_rotate_last_edited=&#8220;on|desktop&#8220; transform_skew_tablet=&#8220;&#8220; transform_skew_phone=&#8220;&#8220; transform_skew_last_edited=&#8220;on|desktop&#8220; transform_origin_tablet=&#8220;&#8220; transform_origin_phone=&#8220;&#8220; transform_origin_last_edited=&#8220;on|desktop&#8220; transform_styles_last_edited=&#8220;on|tablet&#8220; custom_padding=&#8220;80px|80px|80px|80px|false|false&#8220; custom_padding_tablet=&#8220;80px|80px|80px|80px|false|false&#8220; custom_padding_phone=&#8220;50px|30px|50px|30px|false|false&#8220; custom_padding_last_edited=&#8220;on|phone&#8220; animation_style=&#8220;slide&#8220; animation_direction=&#8220;bottom&#8220; animation_delay=&#8220;500ms&#8220; animation_intensity_slide=&#8220;4%&#8220; animation_speed_curve=&#8220;ease&#8220; transform_styles_tablet=&#8220;&#8220; transform_styles_phone=&#8220;&#8220; global_colors_info=&#8220;{}&#8220;][et_pb_text _builder_version=&#8220;4.26.0&#8243; _dynamic_attributes=&#8220;content&#8220; _module_preset=&#8220;default&#8220; header_font=&#8220;|700|||||||&#8220; header_text_align=&#8220;left&#8220; header_text_color=&#8220;#383E42&#8243; header_font_size=&#8220;72px&#8220; header_line_height=&#8220;1.1em&#8220; max_width=&#8220;900px&#8220; custom_margin=&#8220;0px||0px||false|false&#8220; custom_padding=&#8220;0px||0px||false|false&#8220; animation_style=&#8220;slide&#8220; animation_direction=&#8220;right&#8220; animation_intensity_slide=&#8220;2%&#8220; animation_speed_curve=&#8220;ease&#8220; header_font_size_tablet=&#8220;72px&#8220; header_font_size_phone=&#8220;60px&#8220; header_font_size_last_edited=&#8220;on|phone&#8220; locked=&#8220;off&#8220; global_colors_info=&#8220;{}&#8220;]@ET-DC@eyJkeW5hbWljIjp0cnVlLCJjb250ZW50IjoicG9zdF90aXRsZSIsInNldHRpbmdzIjp7ImJlZm9yZSI6IjxoMT4iLCJhZnRlciI6IjxcL2gxPiJ9fQ==@[\/et_pb_text][et_pb_text _builder_version=&#8220;4.26.0&#8243; _module_preset=&#8220;default&#8220; text_font=&#8220;||||||||&#8220; text_text_color=&#8220;#383E42&#8243; custom_margin_tablet=&#8220;0px||45px||false|false&#8220; custom_margin_phone=&#8220;0px||35px||false|false&#8220; custom_margin_last_edited=&#8220;on|phone&#8220; custom_padding=&#8220;0px||0px||false|false&#8220; animation_style=&#8220;slide&#8220; animation_direction=&#8220;right&#8220; animation_intensity_slide=&#8220;2%&#8220; animation_speed_curve=&#8220;ease&#8220; global_colors_info=&#8220;{}&#8220;]<\/p>\n<p>Garagentore verleihen jedem Haus Sicherheit, Funktionalit\u00e4t und \u00e4sthetisches Aussehen. Hergestellt aus hochwertigen Materialien, sorgen sie f\u00fcr Langlebigkeit und Zuverl\u00e4ssigkeit bei allen Wetterbedingungen. <\/p>\n<p>[\/et_pb_text][et_pb_button button_url=&#8220;#sekcijaStart&#8220; button_text=&#8220;Mehr Informationen&#8220; _builder_version=&#8220;4.26.0&#8243; _module_preset=&#8220;default&#8220; custom_button=&#8220;on&#8220; button_text_size=&#8220;13px&#8220; button_text_color=&#8220;#FFFFFF&#8220; button_bg_color=&#8220;#871922&#8243; button_border_width=&#8220;0px&#8220; button_border_radius=&#8220;25px&#8220; button_letter_spacing=&#8220;1px&#8220; button_font=&#8220;|||on|||||&#8220; button_icon=&#8220;&#xf061;||fa||900&#8243; button_on_hover=&#8220;off&#8220; custom_margin=&#8220;0px||0px||false|false&#8220; custom_margin_tablet=&#8220;0px||0px|242px|false|false&#8220; custom_margin_phone=&#8220;|||0px|false|false&#8220; custom_margin_last_edited=&#8220;on|tablet&#8220; custom_padding=&#8220;14px|44px|14px|30px|false|false&#8220; animation_style=&#8220;slide&#8220; animation_direction=&#8220;right&#8220; animation_intensity_slide=&#8220;2%&#8220; animation_speed_curve=&#8220;ease&#8220; locked=&#8220;off&#8220; global_colors_info=&#8220;{}&#8220; button_bg_color__hover_enabled=&#8220;on|hover&#8220; button_bg_color__hover=&#8220;#383E42&#8243; button_bg_enable_color__hover=&#8220;on&#8220; button_text_color__hover_enabled=&#8220;on|hover&#8220; button_text_color__hover=&#8220;#FFFFFF&#8220;][\/et_pb_button][et_pb_code admin_label=&#8220;Code f\u00fcr Inline-Schaltfl\u00e4chen&#8220; _builder_version=&#8220;4.25.0&#8243; _module_preset=&#8220;default&#8220; custom_margin=&#8220;0px||0px||false|false&#8220; custom_padding=&#8220;0px||0px||false|false&#8220; global_colors_info=&#8220;{}&#8220;]<\/p>\n<style><!-- [et_pb_line_break_holder] -->  .construction-23-inlbtn-sc<!-- [et_pb_line_break_holder] -->.et_pb_button_module_wrapper {<!-- [et_pb_line_break_holder] -->display: inline-block;<!-- [et_pb_line_break_holder] --><!-- [et_pb_line_break_holder] -->}<!-- [et_pb_line_break_holder] --><!-- [et_pb_line_break_holder] --><\/style>\n<p>[\/et_pb_code][\/et_pb_column][et_pb_column type=&#8220;2_5&#8243; disabled_on=&#8220;on|on|off&#8220; _builder_version=&#8220;4.25.0&#8243; _module_preset=&#8220;default&#8220; global_colors_info=&#8220;{}&#8220;][\/et_pb_column][\/et_pb_row][\/et_pb_section][et_pb_section fb_built=&#8220;1&#8243; module_id=&#8220;SektionStart&#8220; _builder_version=&#8220;4.26.0&#8243; _module_preset=&#8220;default&#8220; global_colors_info=&#8220;{}&#8220;][et_pb_row column_structure=&#8220;1_2,1_2&#8243; _builder_version=&#8220;4.26.0&#8243; _module_preset=&#8220;default&#8220; global_colors_info=&#8220;{}&#8220;][et_pb_column type=&#8220;1_2&#8243; _builder_version=&#8220;4.26.0&#8243; _module_preset=&#8220;default&#8220; global_colors_info=&#8220;{}&#8220;][et_pb_video src=&#8220;https:\/\/demag-pvc.com\/wp-content\/uploads\/Garazna-vrata-Hormann-animacija.mp4&#8243; _builder_version=&#8220;4.27.0&#8243; _module_preset=&#8220;default&#8220; global_colors_info=&#8220;{}&#8220;][\/et_pb_video][et_pb_gallery gallery_ids=&#8220;987503670,987503669,987503668&#8243; fullwidth=&#8220;on&#8220; _builder_version=&#8220;4.27.0&#8243; _module_preset=&#8220;default&#8220; global_colors_info=&#8220;{}&#8220;][\/et_pb_gallery][\/et_pb_column][et_pb_column type=&#8220;1_2&#8243; _builder_version=&#8220;4.26.0&#8243; _module_preset=&#8220;default&#8220; global_colors_info=&#8220;{}&#8220;][et_pb_text _builder_version=&#8220;4.26.0&#8243; _module_preset=&#8220;default&#8220; text_font_size=&#8220;18px&#8220; header_2_font=&#8220;|600|||||||&#8220; header_2_text_align=&#8220;left&#8220; header_2_text_color=&#8220;#111112&#8243; header_2_font_size=&#8220;36px&#8220; custom_margin=&#8220;0px||-3px||false|false&#8220; custom_margin_tablet=&#8220;|||0px|false|false&#8220; custom_margin_phone=&#8220;|||0px|false|false&#8220; custom_margin_last_edited=&#8220;on|tablet&#8220; custom_padding=&#8220;20px||0px||false|false&#8220; animation_style=&#8220;slide&#8220; animation_direction=&#8220;right&#8220; animation_intensity_slide=&#8220;2%&#8220; animation_speed_curve=&#8220;ease&#8220; header_2_font_size_tablet=&#8220;30px&#8220; header_2_font_size_phone=&#8220;&#8220; header_2_font_size_last_edited=&#8220;on|tablet&#8220; locked=&#8220;off&#8220; global_colors_info=&#8220;{}&#8220;]<\/p>\n<h2>GARAGENTORE H\u00f6rmann<\/h2>\n<p>[\/et_pb_text][et_pb_accordion open_toggle_text_color=&#8220;#121212&#8243; module_class=&#8220;opisProizvodaWoo&#8220; _builder_version=&#8220;4.27.0&#8243; _module_preset=&#8220;default&#8220; toggle_text_color=&#8220;#121212&#8243; toggle_font=&#8220;|600|||||||&#8220; toggle_font_size=&#8220;20px&#8220; animation_style=&#8220;slide&#8220; animation_direction=&#8220;right&#8220; animation_intensity_slide=&#8220;2%&#8220; animation_speed_curve=&#8220;ease&#8220; locked=&#8220;off&#8220; global_colors_info=&#8220;{}&#8220;][et_pb_accordion_item title=&#8220;Sektionaltore&#8220; open=&#8220;on&#8220; _builder_version=&#8220;4.27.0&#8243; _module_preset=&#8220;default&#8220; global_colors_info=&#8220;{}&#8220;]<\/p>\n<p>Sektionaltore \u00f6ffnen sich vertikal und enden platzsparend unter der Decke. Diese Konstruktion maximiert die M\u00f6glichkeit, den Platz in der Garage und davor zu nutzen. <\/p>\n<p>Garagen-Sektionaltore k\u00f6nnen in jede Garagen\u00f6ffnung eingebaut werden und bieten bis zu 14 cm mehr Durchgangsbreite als ein Drehrolltor. Zudem sind sie an allen vier Seiten mit einer dauerelastischen und witterungsbest\u00e4ndigen Dichtung optimal isoliert. <\/p>\n<p>&nbsp;<\/p>\n<p>Garagentore wurden nach den hohen Anforderungen der europ\u00e4ischen Norm 13241-1 gepr\u00fcft und zertifiziert. Garagentore sind in allen Gro\u00dfst\u00e4dten \u00fcber unser Vertriebsnetz zu den gleichen Produktpreisen erh\u00e4ltlich. <\/p>\n<p>&nbsp;<\/p>\n<p>Eine ausgezeichnete Wahl: Mit den isolierten Garagentoren LPU 67 Thermo und LPU 42 erzielen Sie eine hervorragende oder sehr gute W\u00e4rmed\u00e4mmung. Dar\u00fcber hinaus bewegt sich Ihre T\u00fcr ger\u00e4uschlos und bietet eine h\u00f6here strukturelle Stabilit\u00e4t. <\/p>\n<p>&nbsp;<\/p>\n<p>Es gibt 3 Arten von Paneelen:<\/p>\n<ul>\n<li>LPU 67 Thermo &#8211; Ein hervorragend isoliertes Garagentor, das Energie spart und f\u00fcr den Passivbau geeignet ist, mit isolierten Paneelen mit einer Dicke von 67 mm. Sie sind ideal f\u00fcr Werkst\u00e4tten und Heizr\u00e4ume, in denen sich Menschen aufhalten. <\/li>\n<li>LPU 42 &#8211; Das meistverkaufte Garagentor LPU 42 ist mit 42 mm starken Paneelen hervorragend isoliert. Der durchschnittliche Heizwert dieser T\u00fcr entspricht in etwa dem einer Ziegelwand. <\/li>\n<li>LTH 42 &#8211; Die Massivholzt\u00fcr LTH 42 eignet sich hervorragend f\u00fcr Holzh\u00e4user oder Geb\u00e4ude mit vielen Holzelementen, mit 42 mm dicken Paneelen, erfordert jedoch viel mehr Pflege als die Stahlversion.<\/li>\n<\/ul>\n<p>[\/et_pb_accordion_item][\/et_pb_accordion][\/et_pb_column][\/et_pb_row][\/et_pb_section][et_pb_section fb_built=&#8220;1&#8243; _builder_version=&#8220;4.27.0&#8243; _module_preset=&#8220;default&#8220; global_colors_info=&#8220;{}&#8220;][et_pb_row column_structure=&#8220;1_2,1_2&#8243; _builder_version=&#8220;4.26.0&#8243; _module_preset=&#8220;default&#8220; global_colors_info=&#8220;{}&#8220;][et_pb_column type=&#8220;1_2&#8243; _builder_version=&#8220;4.26.0&#8243; _module_preset=&#8220;default&#8220; global_colors_info=&#8220;{}&#8220;][et_pb_image src=&#8220;https:\/\/demag-pvc.com\/wp-content\/uploads\/Garazna-vrata-Portmatik.png&#8220; title_text=&#8220;Garagentore &#8211; Portmatic&#8220; _builder_version=&#8220;4.27.0&#8243; _module_preset=&#8220;default&#8220; global_colors_info=&#8220;{}&#8220;][\/et_pb_image][\/et_pb_column][et_pb_column type=&#8220;1_2&#8243; _builder_version=&#8220;4.26.0&#8243; _module_preset=&#8220;default&#8220; global_colors_info=&#8220;{}&#8220;][et_pb_text _builder_version=&#8220;4.26.0&#8243; _module_preset=&#8220;default&#8220; text_font_size=&#8220;18px&#8220; header_2_font=&#8220;|600|||||||&#8220; header_2_text_align=&#8220;left&#8220; header_2_text_color=&#8220;#111112&#8243; header_2_font_size=&#8220;36px&#8220; custom_margin=&#8220;0px||-3px||false|false&#8220; custom_margin_tablet=&#8220;|||0px|false|false&#8220; custom_margin_phone=&#8220;|||0px|false|false&#8220; custom_margin_last_edited=&#8220;on|tablet&#8220; custom_padding=&#8220;20px||0px||false|false&#8220; animation_style=&#8220;slide&#8220; animation_direction=&#8220;right&#8220; animation_intensity_slide=&#8220;2%&#8220; animation_speed_curve=&#8220;ease&#8220; header_2_font_size_tablet=&#8220;30px&#8220; header_2_font_size_phone=&#8220;&#8220; header_2_font_size_last_edited=&#8220;on|tablet&#8220; locked=&#8220;off&#8220; global_colors_info=&#8220;{}&#8220;]<\/p>\n<h2>GARAGENTORE Portmatic<\/h2>\n<p>[\/et_pb_text][et_pb_accordion open_toggle_text_color=&#8220;#121212&#8243; module_class=&#8220;opisProizvodaWoo&#8220; _builder_version=&#8220;4.27.0&#8243; _module_preset=&#8220;default&#8220; toggle_text_color=&#8220;#121212&#8243; toggle_font=&#8220;|600|||||||&#8220; toggle_font_size=&#8220;20px&#8220; animation_style=&#8220;slide&#8220; animation_direction=&#8220;right&#8220; animation_intensity_slide=&#8220;2%&#8220; animation_speed_curve=&#8220;ease&#8220; locked=&#8220;off&#8220; global_colors_info=&#8220;{}&#8220;][et_pb_accordion_item title=&#8220;Information&#8220; open=&#8220;on&#8220; _builder_version=&#8220;4.27.0&#8243; _module_preset=&#8220;default&#8220; global_colors_info=&#8220;{}&#8220;]<\/p>\n<p><strong>Portmatisch<\/strong><\/p>\n<p>In unserem Sortiment k\u00f6nnen Sie alle Teile f\u00fcr Garagen-Sektionaltore, Rolltore, Motoren f\u00fcr Schiebe- und Fl\u00fcgeltore, Motoren f\u00fcr Rolll\u00e4den, Rafstors (Au\u00dfenjalousien) bestellen.<\/p>\n<p>&nbsp;<\/p>\n<p><strong>Qualit\u00e4t<\/strong><\/p>\n<p>Die Paneele in unserem Lager sind vom renommierten Hersteller Marcegaglia Italia, sie bestehen aus Stahlblech, die F\u00fcllung besteht aus eingespritztem Purpen, die Dicke der Paneele betr\u00e4gt 40 mm und die Dicke des Au\u00dfenblechs betr\u00e4gt 0,40 und 0,58 mm.<\/p>\n<p>&nbsp;<\/p>\n<p><strong>Automatisierung<\/strong><\/p>\n<p>Von Somfy werden Automatiken, Motoren f\u00fcr Sektionaltore und Motoren f\u00fcr Rolll\u00e4den sowie f\u00fcr Schiebe- und Drehtore hergestellt. Heute ist Somfy einer der gr\u00f6\u00dften Hersteller von Steuerungen und Antrieben f\u00fcr Einfahrtstore, Garagentore und Rolll\u00e4den. <\/p>\n<p>[\/et_pb_accordion_item][\/et_pb_accordion][\/et_pb_column][\/et_pb_row][\/et_pb_section]<\/p>\n","protected":false},"excerpt":{"rendered":"<p>Garagentore verleihen jedem Haus Sicherheit, Funktionalit\u00e4t und \u00e4sthetisches Aussehen. Hergestellt aus hochwertigen Materialien, sorgen sie f\u00fcr Langlebigkeit und Zuverl\u00e4ssigkeit bei allen Wetterbedingungen. GARAGENTORE H\u00f6rmannSektionaltore \u00f6ffnen sich vertikal und enden platzsparend unter der Decke. Diese Konstruktion maximiert die M\u00f6glichkeit, den Platz in der Garage und davor zu nutzen. Garagen-Sektionaltore k\u00f6nnen in jede Garagen\u00f6ffnung eingebaut werden und [&hellip;]<\/p>\n","protected":false},"author":1,"featured_media":987505451,"parent":0,"menu_order":0,"comment_status":"closed","ping_status":"closed","template":"","meta":{"_et_pb_use_builder":"on","_et_pb_old_content":"","_et_gb_content_width":"","inline_featured_image":false,"footnotes":""},"class_list":["post-987505982","page","type-page","status-publish","has-post-thumbnail","hentry"],"_links":{"self":[{"href":"https:\/\/demag-pvc.com\/de\/wp-json\/wp\/v2\/pages\/987505982","targetHints":{"allow":["GET"]}}],"collection":[{"href":"https:\/\/demag-pvc.com\/de\/wp-json\/wp\/v2\/pages"}],"about":[{"href":"https:\/\/demag-pvc.com\/de\/wp-json\/wp\/v2\/types\/page"}],"author":[{"embeddable":true,"href":"https:\/\/demag-pvc.com\/de\/wp-json\/wp\/v2\/users\/1"}],"replies":[{"embeddable":true,"href":"https:\/\/demag-pvc.com\/de\/wp-json\/wp\/v2\/comments?post=987505982"}],"version-history":[{"count":1,"href":"https:\/\/demag-pvc.com\/de\/wp-json\/wp\/v2\/pages\/987505982\/revisions"}],"predecessor-version":[{"id":987505988,"href":"https:\/\/demag-pvc.com\/de\/wp-json\/wp\/v2\/pages\/987505982\/revisions\/987505988"}],"wp:featuredmedia":[{"embeddable":true,"href":"https:\/\/demag-pvc.com\/de\/wp-json\/wp\/v2\/media\/987505451"}],"wp:attachment":[{"href":"https:\/\/demag-pvc.com\/de\/wp-json\/wp\/v2\/media?parent=987505982"}],"curies":[{"name":"wp","href":"https:\/\/api.w.org\/{rel}","templated":true}]}}