{"id":987505991,"date":"2024-06-27T16:21:20","date_gmt":"2024-06-27T14:21:20","guid":{"rendered":"https:\/\/www.demag-pvc.com\/wintergarten\/"},"modified":"2024-10-21T17:27:27","modified_gmt":"2024-10-21T15:27:27","slug":"wintergarten","status":"publish","type":"page","link":"https:\/\/demag-pvc.com\/de\/wintergarten\/","title":{"rendered":"Wintergarten"},"content":{"rendered":"<p>[et_pb_section fb_built=&#8220;1&#8243; custom_padding_last_edited=&#8220;on|tablet&#8220; _builder_version=&#8220;4.26.0&#8243; _module_preset=&#8220;default&#8220; background_color=&#8220;rgba(56,62,66,0.7)&#8220; background_image=&#8220;https:\/\/demag-pvc.com\/wp-content\/uploads\/wgarden.jpg&#8220; background_blend=&#8220;overlay&#8220; overflow-x=&#8220;hidden&#8220; overflow-y=&#8220;hidden&#8220; custom_margin=&#8220;0px||0px||false|false&#8220; custom_padding=&#8220;181px||181px||true|false&#8220; custom_padding_tablet=&#8220;120px||90px||false|false&#8220; custom_padding_phone=&#8220;90px||60px||false|false&#8220; animation_style=&#8220;fade&#8220; animation_speed_curve=&#8220;ease&#8220; locked=&#8220;off&#8220; global_colors_info=&#8220;{}&#8220;][et_pb_row column_structure=&#8220;3_5,2_5&#8243; use_custom_gutter=&#8220;on&#8220; module_class=&#8220;construction-23-inlbtn-sc res-trans-on-1670&#8243; _builder_version=&#8220;4.26.0&#8243; _module_preset=&#8220;default&#8220; width=&#8220;90%&#8220; custom_margin=&#8220;0px||0px||false|false&#8220; custom_padding=&#8220;0px||0px||false|false&#8220; global_colors_info=&#8220;{}&#8220;][et_pb_column type=&#8220;3_5&#8243; _builder_version=&#8220;4.26.0&#8243; _module_preset=&#8220;default&#8220; background_color=&#8220;#FFFFFF&#8220; transform_scale_tablet=&#8220;&#8220; transform_scale_phone=&#8220;&#8220; transform_scale_last_edited=&#8220;on|desktop&#8220; transform_translate=&#8220;-80px|0px&#8220; transform_translate_tablet=&#8220;0px|0px&#8220; transform_translate_phone=&#8220;0px|0px&#8220; transform_translate_last_edited=&#8220;on|tablet&#8220; transform_translate_linked=&#8220;off&#8220; transform_rotate_tablet=&#8220;&#8220; transform_rotate_phone=&#8220;&#8220; transform_rotate_last_edited=&#8220;on|desktop&#8220; transform_skew_tablet=&#8220;&#8220; transform_skew_phone=&#8220;&#8220; transform_skew_last_edited=&#8220;on|desktop&#8220; transform_origin_tablet=&#8220;&#8220; transform_origin_phone=&#8220;&#8220; transform_origin_last_edited=&#8220;on|desktop&#8220; transform_styles_last_edited=&#8220;on|tablet&#8220; custom_padding=&#8220;80px|80px|80px|80px|false|false&#8220; custom_padding_tablet=&#8220;80px|80px|80px|80px|false|false&#8220; custom_padding_phone=&#8220;50px|30px|50px|30px|false|false&#8220; custom_padding_last_edited=&#8220;on|phone&#8220; animation_style=&#8220;slide&#8220; animation_direction=&#8220;bottom&#8220; animation_delay=&#8220;500ms&#8220; animation_intensity_slide=&#8220;4%&#8220; animation_speed_curve=&#8220;ease&#8220; transform_styles_tablet=&#8220;&#8220; transform_styles_phone=&#8220;&#8220; global_colors_info=&#8220;{}&#8220;][et_pb_text _builder_version=&#8220;4.26.0&#8243; _dynamic_attributes=&#8220;content&#8220; _module_preset=&#8220;default&#8220; header_font=&#8220;|700|||||||&#8220; header_text_align=&#8220;left&#8220; header_text_color=&#8220;#383E42&#8243; header_font_size=&#8220;72px&#8220; header_line_height=&#8220;1.1em&#8220; max_width=&#8220;900px&#8220; custom_margin=&#8220;0px||0px||false|false&#8220; custom_padding=&#8220;0px||0px||false|false&#8220; animation_style=&#8220;slide&#8220; animation_direction=&#8220;right&#8220; animation_intensity_slide=&#8220;2%&#8220; animation_speed_curve=&#8220;ease&#8220; header_font_size_tablet=&#8220;72px&#8220; header_font_size_phone=&#8220;60px&#8220; header_font_size_last_edited=&#8220;on|phone&#8220; locked=&#8220;off&#8220; global_colors_info=&#8220;{}&#8220;]@ET-DC@eyJkeW5hbWljIjp0cnVlLCJjb250ZW50IjoicG9zdF90aXRsZSIsInNldHRpbmdzIjp7ImJlZm9yZSI6IjxoMT4iLCJhZnRlciI6IjxcL2gxPiJ9fQ==@[\/et_pb_text][et_pb_text _builder_version=&#8220;4.26.0&#8243; _module_preset=&#8220;default&#8220; text_font=&#8220;||||||||&#8220; text_text_color=&#8220;#383E42&#8243; custom_margin_tablet=&#8220;0px||45px||false|false&#8220; custom_margin_phone=&#8220;0px||35px||false|false&#8220; custom_margin_last_edited=&#8220;on|phone&#8220; custom_padding=&#8220;0px||0px||false|false&#8220; animation_style=&#8220;slide&#8220; animation_direction=&#8220;right&#8220; animation_intensity_slide=&#8220;2%&#8220; animation_speed_curve=&#8220;ease&#8220; global_colors_info=&#8220;{}&#8220;]<\/p>\n<p>Ein Wintergarten bringt mehr Licht in Ihr Zuhause, verl\u00e4ngert die Sommersaison und erm\u00f6glicht es Ihnen, den Fr\u00fchling zu erleben, w\u00e4hrend es drau\u00dfen noch kalt ist.<\/p>\n<p>[\/et_pb_text][et_pb_button button_url=&#8220;#sekcijaStart&#8220; button_text=&#8220;Mehr Informationen&#8220; _builder_version=&#8220;4.26.0&#8243; _module_preset=&#8220;default&#8220; custom_button=&#8220;on&#8220; button_text_size=&#8220;13px&#8220; button_text_color=&#8220;#FFFFFF&#8220; button_bg_color=&#8220;#871922&#8243; button_border_width=&#8220;0px&#8220; button_border_radius=&#8220;25px&#8220; button_letter_spacing=&#8220;1px&#8220; button_font=&#8220;|||on|||||&#8220; button_icon=&#8220;&#xf061;||fa||900&#8243; button_on_hover=&#8220;off&#8220; custom_margin=&#8220;0px||0px||false|false&#8220; custom_margin_tablet=&#8220;0px||0px|242px|false|false&#8220; custom_margin_phone=&#8220;|||0px|false|false&#8220; custom_margin_last_edited=&#8220;on|tablet&#8220; custom_padding=&#8220;14px|44px|14px|30px|false|false&#8220; animation_style=&#8220;slide&#8220; animation_direction=&#8220;right&#8220; animation_intensity_slide=&#8220;2%&#8220; animation_speed_curve=&#8220;ease&#8220; locked=&#8220;off&#8220; global_colors_info=&#8220;{}&#8220; button_bg_color__hover_enabled=&#8220;on|hover&#8220; button_bg_color__hover=&#8220;#383E42&#8243; button_bg_enable_color__hover=&#8220;on&#8220; button_text_color__hover_enabled=&#8220;on|hover&#8220; button_text_color__hover=&#8220;#FFFFFF&#8220;][\/et_pb_button][et_pb_code admin_label=&#8220;Code f\u00fcr Inline-Schaltfl\u00e4chen&#8220; _builder_version=&#8220;4.25.0&#8243; _module_preset=&#8220;default&#8220; custom_margin=&#8220;0px||0px||false|false&#8220; custom_padding=&#8220;0px||0px||false|false&#8220; global_colors_info=&#8220;{}&#8220;]<\/p>\n<style><!-- [et_pb_line_break_holder] -->  .construction-23-inlbtn-sc<!-- [et_pb_line_break_holder] -->.et_pb_button_module_wrapper {<!-- [et_pb_line_break_holder] -->display: inline-block;<!-- [et_pb_line_break_holder] --><!-- [et_pb_line_break_holder] -->}<!-- [et_pb_line_break_holder] --><!-- [et_pb_line_break_holder] --><\/style>\n<p>[\/et_pb_code][\/et_pb_column][et_pb_column type=&#8220;2_5&#8243; disabled_on=&#8220;on|on|off&#8220; _builder_version=&#8220;4.25.0&#8243; _module_preset=&#8220;default&#8220; global_colors_info=&#8220;{}&#8220;][\/et_pb_column][\/et_pb_row][\/et_pb_section][et_pb_section fb_built=&#8220;1&#8243; _builder_version=&#8220;4.25.2&#8243; _module_preset=&#8220;default&#8220; background_color=&#8220;#871922&#8243; z_index=&#8220;-500&#8243; custom_padding=&#8220;40px||40px||false|false&#8220; locked=&#8220;off&#8220; global_colors_info=&#8220;{}&#8220;][et_pb_row column_structure=&#8220;1_5,1_5,1_5,1_5,1_5&#8243; _builder_version=&#8220;4.25.2&#8243; _module_preset=&#8220;default&#8220; global_colors_info=&#8220;{}&#8220;][et_pb_column type=&#8220;1_5&#8243; _builder_version=&#8220;4.25.2&#8243; _module_preset=&#8220;default&#8220; global_colors_info=&#8220;{}&#8220;][et_pb_blurb title=&#8220;Energieeinsparung&#8220; image=&#8220;https:\/\/demag-pvc.com\/wp-content\/uploads\/save.svg&#8220; icon_placement=&#8220;left&#8220; image_icon_width=&#8220;128%&#8220; _builder_version=&#8220;4.25.2&#8243; _module_preset=&#8220;default&#8220; header_font=&#8220;|300|||||||&#8220; header_text_color=&#8220;#FFFFFF&#8220; header_font_size=&#8220;18px&#8220; custom_css_blurb_title=&#8220;padding-left: 10px;||padding-top: 3px;&#8220; global_colors_info=&#8220;{}&#8220;][\/et_pb_blurb][\/et_pb_column][et_pb_column type=&#8220;1_5&#8243; _builder_version=&#8220;4.25.2&#8243; _module_preset=&#8220;default&#8220; global_colors_info=&#8220;{}&#8220;][et_pb_blurb title=&#8220;Schalld\u00e4mmung&#8220; image=&#8220;https:\/\/demag-pvc.com\/wp-content\/uploads\/sound.svg&#8220; icon_placement=&#8220;left&#8220; image_icon_width=&#8220;128%&#8220; _builder_version=&#8220;4.25.2&#8243; _module_preset=&#8220;default&#8220; header_font=&#8220;|300|||||||&#8220; header_text_color=&#8220;#FFFFFF&#8220; header_font_size=&#8220;18px&#8220; custom_css_blurb_title=&#8220;padding-left: 10px;||padding-top: 3px;&#8220; global_colors_info=&#8220;{}&#8220;][\/et_pb_blurb][\/et_pb_column][et_pb_column type=&#8220;1_5&#8243; _builder_version=&#8220;4.25.2&#8243; _module_preset=&#8220;default&#8220; global_colors_info=&#8220;{}&#8220;][et_pb_blurb title=&#8220;Nat\u00fcrliches Licht&#8220; image=&#8220;https:\/\/demag-pvc.com\/wp-content\/uploads\/sunny.svg&#8220; icon_placement=&#8220;left&#8220; image_icon_width=&#8220;128%&#8220; _builder_version=&#8220;4.25.2&#8243; _module_preset=&#8220;default&#8220; header_font=&#8220;|300|||||||&#8220; header_text_color=&#8220;#FFFFFF&#8220; header_font_size=&#8220;18px&#8220; custom_css_blurb_title=&#8220;padding-left: 10px;||padding-top: 3px;&#8220; global_colors_info=&#8220;{}&#8220;][\/et_pb_blurb][\/et_pb_column][et_pb_column type=&#8220;1_5&#8243; _builder_version=&#8220;4.25.2&#8243; _module_preset=&#8220;default&#8220; global_colors_info=&#8220;{}&#8220;][et_pb_blurb title=&#8220;H\u00f6chste Qualit\u00e4t&#8220; image=&#8220;https:\/\/demag-pvc.com\/wp-content\/uploads\/quality.svg&#8220; icon_placement=&#8220;left&#8220; image_icon_width=&#8220;128%&#8220; _builder_version=&#8220;4.25.2&#8243; _module_preset=&#8220;default&#8220; header_font=&#8220;|300|||||||&#8220; header_text_color=&#8220;#FFFFFF&#8220; header_font_size=&#8220;18px&#8220; custom_css_blurb_title=&#8220;padding-left: 10px;||padding-top: 3px;&#8220; global_colors_info=&#8220;{}&#8220;][\/et_pb_blurb][\/et_pb_column][et_pb_column type=&#8220;1_5&#8243; _builder_version=&#8220;4.25.2&#8243; _module_preset=&#8220;default&#8220; global_colors_info=&#8220;{}&#8220;][et_pb_blurb title=&#8220;Modernes Design&#8220; image=&#8220;https:\/\/demag-pvc.com\/wp-content\/uploads\/pallete.svg&#8220; icon_placement=&#8220;left&#8220; image_icon_width=&#8220;128%&#8220; _builder_version=&#8220;4.25.2&#8243; _module_preset=&#8220;default&#8220; header_font=&#8220;|300|||||||&#8220; header_text_color=&#8220;#FFFFFF&#8220; header_font_size=&#8220;18px&#8220; custom_css_blurb_title=&#8220;padding-left: 10px;||padding-top: 3px;&#8220; global_colors_info=&#8220;{}&#8220;][\/et_pb_blurb][\/et_pb_column][\/et_pb_row][\/et_pb_section][et_pb_section fb_built=&#8220;1&#8243; module_id=&#8220;SektionStart&#8220; _builder_version=&#8220;4.26.0&#8243; _module_preset=&#8220;default&#8220; global_colors_info=&#8220;{}&#8220;][et_pb_row column_structure=&#8220;1_2,1_2&#8243; _builder_version=&#8220;4.26.0&#8243; _module_preset=&#8220;default&#8220; global_colors_info=&#8220;{}&#8220;][et_pb_column type=&#8220;1_2&#8243; _builder_version=&#8220;4.26.0&#8243; _module_preset=&#8220;default&#8220; global_colors_info=&#8220;{}&#8220;][et_pb_image src=&#8220;https:\/\/demag-pvc.com\/wp-content\/uploads\/wgg-915&#215;870-1.jpg&#8220; title_text=&#8220;WGG-915&#215;870&#8243; _builder_version=&#8220;4.26.0&#8243; _module_preset=&#8220;default&#8220; custom_margin=&#8220;1px|||||&#8220; custom_margin_tablet=&#8220;0px||||false|false&#8220; custom_margin_phone=&#8220;0px||||false|false&#8220; custom_margin_last_edited=&#8220;on|phone&#8220; custom_padding=&#8220;80px|||||&#8220; global_colors_info=&#8220;{}&#8220;][\/et_pb_image][et_pb_image src=&#8220;https:\/\/demag-pvc.com\/wp-content\/uploads\/ZIMSKI-VRT-PRESJEK-slika-br.-1.jpg&#8220; title_text=&#8220;WINTERGARTEN &#8211; SEKTION (Bild Nr. 1)&#8220; _builder_version=&#8220;4.27.0&#8243; _module_preset=&#8220;default&#8220; custom_margin=&#8220;1px|||||&#8220; custom_margin_tablet=&#8220;0px||||false|false&#8220; custom_margin_phone=&#8220;0px||||false|false&#8220; custom_margin_last_edited=&#8220;on|phone&#8220; custom_padding=&#8220;80px|||||&#8220; global_colors_info=&#8220;{}&#8220;][\/et_pb_image][\/et_pb_column][et_pb_column type=&#8220;1_2&#8243; _builder_version=&#8220;4.26.0&#8243; _module_preset=&#8220;default&#8220; global_colors_info=&#8220;{}&#8220;][et_pb_text _builder_version=&#8220;4.26.0&#8243; _module_preset=&#8220;default&#8220; text_font_size=&#8220;18px&#8220; header_2_font=&#8220;|600|||||||&#8220; header_2_text_align=&#8220;left&#8220; header_2_text_color=&#8220;#111112&#8243; header_2_font_size=&#8220;36px&#8220; custom_margin=&#8220;0px||-3px||false|false&#8220; custom_margin_tablet=&#8220;|||0px|false|false&#8220; custom_margin_phone=&#8220;|||0px|false|false&#8220; custom_margin_last_edited=&#8220;on|tablet&#8220; custom_padding=&#8220;20px||0px||false|false&#8220; animation_style=&#8220;slide&#8220; animation_direction=&#8220;right&#8220; animation_intensity_slide=&#8220;2%&#8220; animation_speed_curve=&#8220;ease&#8220; header_2_font_size_tablet=&#8220;30px&#8220; header_2_font_size_phone=&#8220;&#8220; header_2_font_size_last_edited=&#8220;on|tablet&#8220; locked=&#8220;off&#8220; global_colors_info=&#8220;{}&#8220;]<\/p>\n<h2>WINTERGARTEN<\/h2>\n<p>[\/et_pb_text][et_pb_text _builder_version=&#8220;4.27.0&#8243; _module_preset=&#8220;default&#8220; text_font_size=&#8220;18px&#8220; header_2_font=&#8220;|600|||||||&#8220; header_2_text_align=&#8220;left&#8220; header_2_text_color=&#8220;#111112&#8243; header_2_font_size=&#8220;36px&#8220; custom_margin=&#8220;0px||40px||false|false&#8220; custom_margin_tablet=&#8220;|||0px|false|false&#8220; custom_margin_phone=&#8220;|||0px|false|false&#8220; custom_margin_last_edited=&#8220;on|tablet&#8220; custom_padding=&#8220;6px||0px||false|false&#8220; animation_style=&#8220;slide&#8220; animation_direction=&#8220;right&#8220; animation_intensity_slide=&#8220;2%&#8220; animation_speed_curve=&#8220;ease&#8220; header_2_font_size_tablet=&#8220;30px&#8220; header_2_font_size_phone=&#8220;&#8220; header_2_font_size_last_edited=&#8220;on|tablet&#8220; locked=&#8220;off&#8220; global_colors_info=&#8220;{}&#8220;]<\/p>\n<p>Das<strong> Wintergartensystem<\/strong> ist f\u00fcr die Herstellung einer selbsttragenden, vollverglasten, w\u00e4rmeisolierten Konstruktion aus Aluminiumprofilen vorgesehen. F\u00fcr das \u00d6ffnen von Erkern k\u00f6nnen speziell konstruierte Fenster\u00f6ffnungen mit Typen, nach au\u00dfen ausklappbare, parallel \u00f6ffnende und Dachfenster sowie die Fenster- und T\u00fcrenserie FEAL verwendet werden. Die Verglasung des Wintergartens erfolgt mit Hilfe von EPDM-Dichtungen und Spann- und Abdeckleisten. Auf die Spannleisten werden Sockelleisten gelegt, die unterschiedliche Formen und Abmessungen haben k\u00f6nnen. Die strukturelle Verglasung wird mit Hilfe von EPDM-Dichtungen, Glashaltern und Silikon-Strukturglasdichtstoff durchgef\u00fchrt. Aufgrund des freien Abflusses des Wassers vom Dach wird empfohlen, horizontale Ebenen in einer strukturellen Konstruktion zu erstellen. Als Materialien f\u00fcr Fassadenbauteile werden Materialien verwendet, die gegen Witterungseinfl\u00fcsse, Temperaturunterschiede, Schimmel und wasserdichte Schutzstreifen best\u00e4ndig sind, die das Eindringen von Wasser und Feuchtigkeit in die Isolierung verhindern.      <\/p>\n<p>[\/et_pb_text][et_pb_accordion _builder_version=&#8220;4.27.0&#8243; _module_preset=&#8220;default&#8220; global_colors_info=&#8220;{}&#8220;][et_pb_accordion_item title=&#8220;Technische Eigenschaften&#8220; open=&#8220;on&#8220; _builder_version=&#8220;4.27.0&#8243; _module_preset=&#8220;default&#8220; global_colors_info=&#8220;{}&#8220;]<\/p>\n<p>Technische Eigenschaften des Systems:<\/p>\n<ul>\n<li>Vertikale Tiefe: 120, 140, 160, 200 mm<\/li>\n<li>Tiefe der Horizontalen: 88, 118, 138, 158 mm<\/li>\n<li>Tiefe der horizontalen Ebene: 88, 118, 138, 158 mm<\/li>\n<li>sichtbare Profilbreite: 50 mm<\/li>\n<li>Einf\u00fclltiefe: 30 mm<\/li>\n<li>Luftdurchl\u00e4ssigkeit: EN 12207<\/li>\n<li>Abdichtung: EN 12154<\/li>\n<li>Windwiderstand: EN 12210<\/li>\n<li>L\u00e4rmschutz: EN ISO 717-1  <\/li>\n<li>Einbruchhemmend: EN 1627<\/li>\n<li>Berechnung des Uf-Koeffizienten: DIN EN ISO 10077-2<\/li>\n<li>Basismaterial: EN AW-6060<\/li>\n<li>Dichtungsmaterial: EPDM<\/li>\n<li>Oberfl\u00e4chenbehandlung: DIN 17611<\/li>\n<li>Qualit\u00e4tskontrolle: DIN EN ISO 9001<\/li>\n<\/ul>\n<p>[\/et_pb_accordion_item][\/et_pb_accordion][\/et_pb_column][\/et_pb_row][\/et_pb_section]<\/p>\n","protected":false},"excerpt":{"rendered":"<p>Ein Wintergarten bringt mehr Licht in Ihr Zuhause, verl\u00e4ngert die Sommersaison und erm\u00f6glicht es Ihnen, den Fr\u00fchling zu erleben, w\u00e4hrend es drau\u00dfen noch kalt ist.WINTERGARTENDas Wintergartensystem ist f\u00fcr die Herstellung einer selbsttragenden, vollverglasten, w\u00e4rmeisolierten Konstruktion aus Aluminiumprofilen vorgesehen. F\u00fcr das \u00d6ffnen von Erkern k\u00f6nnen speziell konstruierte Fenster\u00f6ffnungen mit Typen, nach au\u00dfen ausklappbare, parallel \u00f6ffnende und [&hellip;]<\/p>\n","protected":false},"author":1,"featured_media":987505451,"parent":0,"menu_order":0,"comment_status":"closed","ping_status":"closed","template":"","meta":{"_et_pb_use_builder":"on","_et_pb_old_content":"","_et_gb_content_width":"","inline_featured_image":false,"footnotes":""},"class_list":["post-987505991","page","type-page","status-publish","has-post-thumbnail","hentry"],"_links":{"self":[{"href":"https:\/\/demag-pvc.com\/de\/wp-json\/wp\/v2\/pages\/987505991","targetHints":{"allow":["GET"]}}],"collection":[{"href":"https:\/\/demag-pvc.com\/de\/wp-json\/wp\/v2\/pages"}],"about":[{"href":"https:\/\/demag-pvc.com\/de\/wp-json\/wp\/v2\/types\/page"}],"author":[{"embeddable":true,"href":"https:\/\/demag-pvc.com\/de\/wp-json\/wp\/v2\/users\/1"}],"replies":[{"embeddable":true,"href":"https:\/\/demag-pvc.com\/de\/wp-json\/wp\/v2\/comments?post=987505991"}],"version-history":[{"count":1,"href":"https:\/\/demag-pvc.com\/de\/wp-json\/wp\/v2\/pages\/987505991\/revisions"}],"predecessor-version":[{"id":987505994,"href":"https:\/\/demag-pvc.com\/de\/wp-json\/wp\/v2\/pages\/987505991\/revisions\/987505994"}],"wp:featuredmedia":[{"embeddable":true,"href":"https:\/\/demag-pvc.com\/de\/wp-json\/wp\/v2\/media\/987505451"}],"wp:attachment":[{"href":"https:\/\/demag-pvc.com\/de\/wp-json\/wp\/v2\/media?parent=987505991"}],"curies":[{"name":"wp","href":"https:\/\/api.w.org\/{rel}","templated":true}]}}