{"id":987506005,"date":"2024-08-29T17:31:56","date_gmt":"2024-08-29T15:31:56","guid":{"rendered":"https:\/\/www.demag-pvc.com\/feste-sunbreaker\/"},"modified":"2024-10-21T17:27:32","modified_gmt":"2024-10-21T15:27:32","slug":"feste-sunbreaker","status":"publish","type":"page","link":"https:\/\/demag-pvc.com\/de\/feste-sunbreaker\/","title":{"rendered":"Feste Sunbreaker"},"content":{"rendered":"<p>[et_pb_section fb_built=&#8220;1&#8243; custom_padding_last_edited=&#8220;on|tablet&#8220; _builder_version=&#8220;4.27.0&#8243; _module_preset=&#8220;default&#8220; background_color=&#8220;rgba(56,62,66,0.61)&#8220; background_image=&#8220;https:\/\/demag-pvc.com\/wp-content\/uploads\/Krpan-vidna-banner-scaled-1.jpg&#8220; background_blend=&#8220;overlay&#8220; overflow-x=&#8220;hidden&#8220; overflow-y=&#8220;hidden&#8220; custom_margin=&#8220;0px||0px||false|false&#8220; custom_padding=&#8220;181px||181px||true|false&#8220; custom_padding_tablet=&#8220;120px||90px||false|false&#8220; custom_padding_phone=&#8220;90px||60px||false|false&#8220; animation_style=&#8220;fade&#8220; animation_speed_curve=&#8220;ease&#8220; locked=&#8220;off&#8220; global_colors_info=&#8220;{}&#8220;][et_pb_row column_structure=&#8220;3_5,2_5&#8243; use_custom_gutter=&#8220;on&#8220; module_class=&#8220;construction-23-inlbtn-sc res-trans-on-1670&#8243; _builder_version=&#8220;4.26.0&#8243; _module_preset=&#8220;default&#8220; width=&#8220;90%&#8220; custom_margin=&#8220;0px||0px||false|false&#8220; custom_padding=&#8220;0px||0px||false|false&#8220; global_colors_info=&#8220;{}&#8220;][et_pb_column type=&#8220;3_5&#8243; _builder_version=&#8220;4.26.0&#8243; _module_preset=&#8220;default&#8220; background_color=&#8220;#FFFFFF&#8220; transform_scale_tablet=&#8220;&#8220; transform_scale_phone=&#8220;&#8220; transform_scale_last_edited=&#8220;on|desktop&#8220; transform_translate=&#8220;-80px|0px&#8220; transform_translate_tablet=&#8220;0px|0px&#8220; transform_translate_phone=&#8220;0px|0px&#8220; transform_translate_last_edited=&#8220;on|tablet&#8220; transform_translate_linked=&#8220;off&#8220; transform_rotate_tablet=&#8220;&#8220; transform_rotate_phone=&#8220;&#8220; transform_rotate_last_edited=&#8220;on|desktop&#8220; transform_skew_tablet=&#8220;&#8220; transform_skew_phone=&#8220;&#8220; transform_skew_last_edited=&#8220;on|desktop&#8220; transform_origin_tablet=&#8220;&#8220; transform_origin_phone=&#8220;&#8220; transform_origin_last_edited=&#8220;on|desktop&#8220; transform_styles_last_edited=&#8220;on|tablet&#8220; custom_padding=&#8220;80px|80px|80px|80px|false|false&#8220; custom_padding_tablet=&#8220;80px|80px|80px|80px|false|false&#8220; custom_padding_phone=&#8220;50px|30px|50px|30px|false|false&#8220; custom_padding_last_edited=&#8220;on|phone&#8220; animation_style=&#8220;slide&#8220; animation_direction=&#8220;bottom&#8220; animation_delay=&#8220;500ms&#8220; animation_intensity_slide=&#8220;4%&#8220; animation_speed_curve=&#8220;ease&#8220; transform_styles_tablet=&#8220;&#8220; transform_styles_phone=&#8220;&#8220; global_colors_info=&#8220;{}&#8220;][et_pb_text _builder_version=&#8220;4.26.0&#8243; _dynamic_attributes=&#8220;content&#8220; _module_preset=&#8220;default&#8220; header_font=&#8220;|700|||||||&#8220; header_text_align=&#8220;left&#8220; header_text_color=&#8220;#383E42&#8243; header_font_size=&#8220;72px&#8220; header_line_height=&#8220;1.1em&#8220; max_width=&#8220;900px&#8220; custom_margin=&#8220;0px||0px||false|false&#8220; custom_padding=&#8220;0px||0px||false|false&#8220; animation_style=&#8220;slide&#8220; animation_direction=&#8220;right&#8220; animation_intensity_slide=&#8220;2%&#8220; animation_speed_curve=&#8220;ease&#8220; header_font_size_tablet=&#8220;72px&#8220; header_font_size_phone=&#8220;60px&#8220; header_font_size_last_edited=&#8220;on|phone&#8220; locked=&#8220;off&#8220; global_colors_info=&#8220;{}&#8220;]@ET-DC@eyJkeW5hbWljIjp0cnVlLCJjb250ZW50IjoicG9zdF90aXRsZSIsInNldHRpbmdzIjp7ImJlZm9yZSI6IjxoMT4iLCJhZnRlciI6IjxcL2gxPiJ9fQ==@[\/et_pb_text][et_pb_text _builder_version=&#8220;4.27.0&#8243; _module_preset=&#8220;default&#8220; text_font=&#8220;||||||||&#8220; text_text_color=&#8220;#383E42&#8243; custom_margin_tablet=&#8220;0px||45px||false|false&#8220; custom_margin_phone=&#8220;0px||35px||false|false&#8220; custom_margin_last_edited=&#8220;on|phone&#8220; custom_padding=&#8220;0px||0px||false|false&#8220; animation_style=&#8220;slide&#8220; animation_direction=&#8220;right&#8220; animation_intensity_slide=&#8220;2%&#8220; animation_speed_curve=&#8220;ease&#8220; global_colors_info=&#8220;{}&#8220;]<\/p>\n<p>Effektiver Sonnen- und W\u00e4rmeschutz f\u00fcr moderne Geb\u00e4ude.<\/p>\n<p>[\/et_pb_text][et_pb_button button_url=&#8220;#sekcijaStart&#8220; button_text=&#8220;Mehr Informationen&#8220; _builder_version=&#8220;4.26.0&#8243; _module_preset=&#8220;default&#8220; custom_button=&#8220;on&#8220; button_text_size=&#8220;13px&#8220; button_text_color=&#8220;#FFFFFF&#8220; button_bg_color=&#8220;#871922&#8243; button_border_width=&#8220;0px&#8220; button_border_radius=&#8220;25px&#8220; button_letter_spacing=&#8220;1px&#8220; button_font=&#8220;|||on|||||&#8220; button_icon=&#8220;&#xf061;||fa||900&#8243; button_on_hover=&#8220;off&#8220; custom_margin=&#8220;0px||0px||false|false&#8220; custom_margin_tablet=&#8220;0px||0px|242px|false|false&#8220; custom_margin_phone=&#8220;|||0px|false|false&#8220; custom_margin_last_edited=&#8220;on|tablet&#8220; custom_padding=&#8220;14px|44px|14px|30px|false|false&#8220; animation_style=&#8220;slide&#8220; animation_direction=&#8220;right&#8220; animation_intensity_slide=&#8220;2%&#8220; animation_speed_curve=&#8220;ease&#8220; locked=&#8220;off&#8220; global_colors_info=&#8220;{}&#8220; button_bg_color__hover_enabled=&#8220;on|hover&#8220; button_bg_color__hover=&#8220;#383E42&#8243; button_bg_enable_color__hover=&#8220;on&#8220; button_text_color__hover_enabled=&#8220;on|hover&#8220; button_text_color__hover=&#8220;#FFFFFF&#8220;][\/et_pb_button][et_pb_code admin_label=&#8220;Code f\u00fcr Inline-Schaltfl\u00e4chen&#8220; _builder_version=&#8220;4.25.0&#8243; _module_preset=&#8220;default&#8220; custom_margin=&#8220;0px||0px||false|false&#8220; custom_padding=&#8220;0px||0px||false|false&#8220; global_colors_info=&#8220;{}&#8220;]<\/p>\n<style><!-- [et_pb_line_break_holder] -->  .construction-23-inlbtn-sc<!-- [et_pb_line_break_holder] -->.et_pb_button_module_wrapper {<!-- [et_pb_line_break_holder] -->display: inline-block;<!-- [et_pb_line_break_holder] --><!-- [et_pb_line_break_holder] -->}<!-- [et_pb_line_break_holder] --><!-- [et_pb_line_break_holder] --><\/style>\n<p>[\/et_pb_code][\/et_pb_column][et_pb_column type=&#8220;2_5&#8243; disabled_on=&#8220;on|on|off&#8220; _builder_version=&#8220;4.25.0&#8243; _module_preset=&#8220;default&#8220; global_colors_info=&#8220;{}&#8220;][\/et_pb_column][\/et_pb_row][\/et_pb_section][et_pb_section fb_built=&#8220;1&#8243; module_id=&#8220;SektionStart&#8220; _builder_version=&#8220;4.26.0&#8243; _module_preset=&#8220;default&#8220; global_colors_info=&#8220;{}&#8220;][et_pb_row column_structure=&#8220;1_2,1_2&#8243; _builder_version=&#8220;4.26.0&#8243; _module_preset=&#8220;default&#8220; global_colors_info=&#8220;{}&#8220;][et_pb_column type=&#8220;1_2&#8243; _builder_version=&#8220;4.26.0&#8243; _module_preset=&#8220;default&#8220; global_colors_info=&#8220;{}&#8220;][et_pb_gallery gallery_ids=&#8220;987503745,987503746,987503747,987503748,987503749,987503750,987503751&#8243; fullwidth=&#8220;on&#8220; _builder_version=&#8220;4.27.0&#8243; _module_preset=&#8220;default&#8220; global_colors_info=&#8220;{}&#8220;][\/et_pb_gallery][\/et_pb_column][et_pb_column type=&#8220;1_2&#8243; _builder_version=&#8220;4.26.0&#8243; _module_preset=&#8220;default&#8220; global_colors_info=&#8220;{}&#8220;][et_pb_text _builder_version=&#8220;4.27.0&#8243; _module_preset=&#8220;default&#8220; text_font_size=&#8220;18px&#8220; header_2_font=&#8220;|600|||||||&#8220; header_2_text_align=&#8220;left&#8220; header_2_text_color=&#8220;#111112&#8243; header_2_font_size=&#8220;36px&#8220; custom_margin=&#8220;0px||-3px||false|false&#8220; custom_margin_tablet=&#8220;|||0px|false|false&#8220; custom_margin_phone=&#8220;|||0px|false|false&#8220; custom_margin_last_edited=&#8220;on|tablet&#8220; custom_padding=&#8220;20px||0px||false|false&#8220; animation_style=&#8220;slide&#8220; animation_direction=&#8220;right&#8220; animation_intensity_slide=&#8220;2%&#8220; animation_speed_curve=&#8220;ease&#8220; header_2_font_size_tablet=&#8220;30px&#8220; header_2_font_size_phone=&#8220;&#8220; header_2_font_size_last_edited=&#8220;on|tablet&#8220; locked=&#8220;off&#8220; global_colors_info=&#8220;{}&#8220;]<\/p>\n<h2>FESTE SONNENBRECHER<\/h2>\n<p>[\/et_pb_text][et_pb_accordion open_toggle_text_color=&#8220;#121212&#8243; module_class=&#8220;opisProizvodaWoo&#8220; _builder_version=&#8220;4.27.0&#8243; _module_preset=&#8220;default&#8220; toggle_text_color=&#8220;#121212&#8243; toggle_font=&#8220;|600|||||||&#8220; toggle_font_size=&#8220;20px&#8220; animation_style=&#8220;slide&#8220; animation_direction=&#8220;right&#8220; animation_intensity_slide=&#8220;2%&#8220; animation_speed_curve=&#8220;ease&#8220; locked=&#8220;off&#8220; global_colors_info=&#8220;{}&#8220;][et_pb_accordion_item title=&#8220;Information&#8220; open=&#8220;on&#8220; _builder_version=&#8220;4.27.0&#8243; _module_preset=&#8220;default&#8220; global_colors_info=&#8220;{}&#8220;]<\/p>\n<p>Moderne architektonische L\u00f6sungen f\u00fcr B\u00fcros, Schulen, Krankenh\u00e4user und viele andere Arten von \u00f6ffentlichen Geb\u00e4uden enthalten oft gro\u00dfe Glasfl\u00e4chen, die mehr Tageslicht und ein Gef\u00fchl von Ger\u00e4umigkeit bieten und den Komfort und das Wohlbefinden der Menschen erh\u00f6hen.<\/p>\n<p>&nbsp;<\/p>\n<p>Die Kontrolle der Innentemperatur von verglasten Objekten kann jedoch ein kompliziertes Problem sein. Der Grund daf\u00fcr ist, dass die Sonne zwar nat\u00fcrliches Licht und W\u00e4rme f\u00fcr Geb\u00e4ude bietet (wodurch der Energieverbrauch und die Gasemissionen reduziert werden), aber zu viel Sonneneinstrahlung zu viel Blendung und \u00dcberhitzung (Treibhauseffekt) f\u00fchren kann, die durch intensive K\u00fchlung kontrolliert werden muss. <\/p>\n<p>&nbsp;<\/p>\n<p>Sunbreaker sind eine Art Sonnenschutz, der horizontale und vertikale Lamellen verwendet, um die Menge an Sonnenlicht und W\u00e4rme zu kontrollieren, die in das Geb\u00e4ude eindringt.<\/p>\n<p>&nbsp;<\/p>\n<p>Sunbreaker haben eine sehr einfache Funktion: Sie brechen die Sonnenstrahlen, was bedeutet, dass sie auf der S\u00fcdseite des Geb\u00e4udes am effektivsten sind. Hier k\u00f6nnen horizontale Sunbreaker in den Sommermonaten optimalen Schutz bieten. F\u00fcr die Ost- und Westseite des Geb\u00e4udes sind vertikale Sunbreaker besser geeignet, insbesondere wenn die Sonne tiefer steht und der Winkel der Sonnenstrahlen kleiner ist.  <\/p>\n<p>&nbsp;<\/p>\n<p>Jalousien sind eine Art Sonnenschutz mit horizontalen Lamellen in einem Winkel, die so konzipiert sind, dass Licht und Luft durchgelassen werden, nicht aber Wasser und direktes Licht. FEAL-Jalousien bieten eine gro\u00dfe Auswahl an Profilen in verschiedenen Gr\u00f6\u00dfen und Formen, die f\u00fcr eine Vielzahl von Anwendungen in R\u00e4umen geeignet sind, in denen es wichtig ist, eine ausreichende Bel\u00fcftung aufrechtzuerhalten, wie z. B. Parkpl\u00e4tze, Fabrikanlagen und dergleichen. <\/p>\n<p>&nbsp;<\/p>\n<p>Vorteile:<\/p>\n<p>&nbsp;<\/p>\n<ul>\n<li>UV- und W\u00e4rmeschutz<\/li>\n<li>Tageslichtsteuerung<\/li>\n<li>Winddicht<\/li>\n<li>Energieeinsparung<\/li>\n<li>Langfristige L\u00f6sung<\/li>\n<li>Schutz der Privatsph\u00e4re<\/li>\n<li>Einfache Installation<\/li>\n<li>Ma\u00dfgeschneidert<\/li>\n<li>Oberfl\u00e4chenbehandlung nach RAL, Elox und Dekoralkarte<\/li>\n<\/ul>\n<p>[\/et_pb_accordion_item][et_pb_accordion_item title=&#8220;Technische Eigenschaften&#8220; open=&#8220;off&#8220; _builder_version=&#8220;4.27.0&#8243; _module_preset=&#8220;default&#8220; global_colors_info=&#8220;{}&#8220;]<\/p>\n<p><u>Technische Eigenschaften des Systems:<\/u><\/p>\n<ul>\n<li>Basismaterial: EN AW-6060<\/li>\n<li>Windwiderstand: EN 1991-1-1<\/li>\n<li>Oberfl\u00e4chenbehandlung: DIN 17611<\/li>\n<li>Qualit\u00e4tskontrolle: DIN EN ISO 9001<\/li>\n<li>Abmessungen der Sunbreaker-Lamellen: 140 mm; 220 mm; 290 mm; 400 mm; 675 mm.<\/li>\n<li>Abmessungen der Blindlamellen: von 70 mm bis 150 mm.<\/li>\n<li>Winkel der Sonnenblumenlamellen: 90\u00b0; 75\u00b0; 60\u00b0; 45\u00b0.<\/li>\n<li>Ausrichtung der Sunbreaker-Lamellen: horizontal, vertikal<\/li>\n<li>Ausrichtung der Jalousie: horizontal<\/li>\n<\/ul>\n<p>[\/et_pb_accordion_item][\/et_pb_accordion][\/et_pb_column][\/et_pb_row][\/et_pb_section]<\/p>\n","protected":false},"excerpt":{"rendered":"<p>Effektiver Sonnen- und W\u00e4rmeschutz f\u00fcr moderne Geb\u00e4ude.FESTE SONNENBRECHERModerne architektonische L\u00f6sungen f\u00fcr B\u00fcros, Schulen, Krankenh\u00e4user und viele andere Arten von \u00f6ffentlichen Geb\u00e4uden enthalten oft gro\u00dfe Glasfl\u00e4chen, die mehr Tageslicht und ein Gef\u00fchl von Ger\u00e4umigkeit bieten und den Komfort und das Wohlbefinden der Menschen erh\u00f6hen. &nbsp; Die Kontrolle der Innentemperatur von verglasten Objekten kann jedoch ein kompliziertes [&hellip;]<\/p>\n","protected":false},"author":1,"featured_media":987505451,"parent":0,"menu_order":0,"comment_status":"closed","ping_status":"closed","template":"","meta":{"_et_pb_use_builder":"on","_et_pb_old_content":"","_et_gb_content_width":"","inline_featured_image":false,"footnotes":""},"class_list":["post-987506005","page","type-page","status-publish","has-post-thumbnail","hentry"],"_links":{"self":[{"href":"https:\/\/demag-pvc.com\/de\/wp-json\/wp\/v2\/pages\/987506005","targetHints":{"allow":["GET"]}}],"collection":[{"href":"https:\/\/demag-pvc.com\/de\/wp-json\/wp\/v2\/pages"}],"about":[{"href":"https:\/\/demag-pvc.com\/de\/wp-json\/wp\/v2\/types\/page"}],"author":[{"embeddable":true,"href":"https:\/\/demag-pvc.com\/de\/wp-json\/wp\/v2\/users\/1"}],"replies":[{"embeddable":true,"href":"https:\/\/demag-pvc.com\/de\/wp-json\/wp\/v2\/comments?post=987506005"}],"version-history":[{"count":2,"href":"https:\/\/demag-pvc.com\/de\/wp-json\/wp\/v2\/pages\/987506005\/revisions"}],"predecessor-version":[{"id":987506008,"href":"https:\/\/demag-pvc.com\/de\/wp-json\/wp\/v2\/pages\/987506005\/revisions\/987506008"}],"wp:featuredmedia":[{"embeddable":true,"href":"https:\/\/demag-pvc.com\/de\/wp-json\/wp\/v2\/media\/987505451"}],"wp:attachment":[{"href":"https:\/\/demag-pvc.com\/de\/wp-json\/wp\/v2\/media?parent=987506005"}],"curies":[{"name":"wp","href":"https:\/\/api.w.org\/{rel}","templated":true}]}}