{"id":987506020,"date":"2024-08-29T17:06:39","date_gmt":"2024-08-29T15:06:39","guid":{"rendered":"https:\/\/www.demag-pvc.com\/aussenjalousien\/"},"modified":"2024-10-21T17:27:36","modified_gmt":"2024-10-21T15:27:36","slug":"aussenjalousien","status":"publish","type":"page","link":"https:\/\/demag-pvc.com\/de\/aussenjalousien\/","title":{"rendered":"Au\u00dfenjalousien"},"content":{"rendered":"<p>[et_pb_section fb_built=&#8220;1&#8243; custom_padding_last_edited=&#8220;on|tablet&#8220; _builder_version=&#8220;4.27.0&#8243; _module_preset=&#8220;default&#8220; background_color=&#8220;rgba(56,62,66,0.61)&#8220; background_image=&#8220;https:\/\/demag-pvc.com\/wp-content\/uploads\/Krpan-vidna-banner-scaled-1.jpg&#8220; background_blend=&#8220;overlay&#8220; overflow-x=&#8220;hidden&#8220; overflow-y=&#8220;hidden&#8220; custom_margin=&#8220;0px||0px||false|false&#8220; custom_padding=&#8220;181px||181px||true|false&#8220; custom_padding_tablet=&#8220;120px||90px||false|false&#8220; custom_padding_phone=&#8220;90px||60px||false|false&#8220; animation_style=&#8220;fade&#8220; animation_speed_curve=&#8220;ease&#8220; locked=&#8220;off&#8220; global_colors_info=&#8220;{}&#8220;][et_pb_row column_structure=&#8220;3_5,2_5&#8243; use_custom_gutter=&#8220;on&#8220; module_class=&#8220;construction-23-inlbtn-sc res-trans-on-1670&#8243; _builder_version=&#8220;4.26.0&#8243; _module_preset=&#8220;default&#8220; width=&#8220;90%&#8220; custom_margin=&#8220;0px||0px||false|false&#8220; custom_padding=&#8220;0px||0px||false|false&#8220; global_colors_info=&#8220;{}&#8220;][et_pb_column type=&#8220;3_5&#8243; _builder_version=&#8220;4.26.0&#8243; _module_preset=&#8220;default&#8220; background_color=&#8220;#FFFFFF&#8220; transform_scale_tablet=&#8220;&#8220; transform_scale_phone=&#8220;&#8220; transform_scale_last_edited=&#8220;on|desktop&#8220; transform_translate=&#8220;-80px|0px&#8220; transform_translate_tablet=&#8220;0px|0px&#8220; transform_translate_phone=&#8220;0px|0px&#8220; transform_translate_last_edited=&#8220;on|tablet&#8220; transform_translate_linked=&#8220;off&#8220; transform_rotate_tablet=&#8220;&#8220; transform_rotate_phone=&#8220;&#8220; transform_rotate_last_edited=&#8220;on|desktop&#8220; transform_skew_tablet=&#8220;&#8220; transform_skew_phone=&#8220;&#8220; transform_skew_last_edited=&#8220;on|desktop&#8220; transform_origin_tablet=&#8220;&#8220; transform_origin_phone=&#8220;&#8220; transform_origin_last_edited=&#8220;on|desktop&#8220; transform_styles_last_edited=&#8220;on|tablet&#8220; custom_padding=&#8220;80px|80px|80px|80px|false|false&#8220; custom_padding_tablet=&#8220;80px|80px|80px|80px|false|false&#8220; custom_padding_phone=&#8220;50px|30px|50px|30px|false|false&#8220; custom_padding_last_edited=&#8220;on|phone&#8220; animation_style=&#8220;slide&#8220; animation_direction=&#8220;bottom&#8220; animation_delay=&#8220;500ms&#8220; animation_intensity_slide=&#8220;4%&#8220; animation_speed_curve=&#8220;ease&#8220; transform_styles_tablet=&#8220;&#8220; transform_styles_phone=&#8220;&#8220; global_colors_info=&#8220;{}&#8220;][et_pb_text _builder_version=&#8220;4.26.0&#8243; _dynamic_attributes=&#8220;content&#8220; _module_preset=&#8220;default&#8220; header_font=&#8220;|700|||||||&#8220; header_text_align=&#8220;left&#8220; header_text_color=&#8220;#383E42&#8243; header_font_size=&#8220;72px&#8220; header_line_height=&#8220;1.1em&#8220; max_width=&#8220;900px&#8220; custom_margin=&#8220;0px||0px||false|false&#8220; custom_padding=&#8220;0px||0px||false|false&#8220; animation_style=&#8220;slide&#8220; animation_direction=&#8220;right&#8220; animation_intensity_slide=&#8220;2%&#8220; animation_speed_curve=&#8220;ease&#8220; header_font_size_tablet=&#8220;72px&#8220; header_font_size_phone=&#8220;60px&#8220; header_font_size_last_edited=&#8220;on|phone&#8220; locked=&#8220;off&#8220; global_colors_info=&#8220;{}&#8220;]@ET-DC@eyJkeW5hbWljIjp0cnVlLCJjb250ZW50IjoicG9zdF90aXRsZSIsInNldHRpbmdzIjp7ImJlZm9yZSI6IjxoMT4iLCJhZnRlciI6IjxcL2gxPiJ9fQ==@[\/et_pb_text][et_pb_text _builder_version=&#8220;4.27.0&#8243; _module_preset=&#8220;default&#8220; text_font=&#8220;||||||||&#8220; text_text_color=&#8220;#383E42&#8243; custom_margin_tablet=&#8220;0px||45px||false|false&#8220; custom_margin_phone=&#8220;0px||35px||false|false&#8220; custom_margin_last_edited=&#8220;on|phone&#8220; custom_padding=&#8220;0px||0px||false|false&#8220; animation_style=&#8220;slide&#8220; animation_direction=&#8220;right&#8220; animation_intensity_slide=&#8220;2%&#8220; animation_speed_curve=&#8220;ease&#8220; global_colors_info=&#8220;{}&#8220;]<\/p>\n<p>Au\u00dfenjalousien (Raffstore) bieten perfekten Schutz vor der Sonne und k\u00f6nnen die Lichtmenge regulieren, die in den Raum eindringt. Neben einer breiten Palette von Modellen bieten Krpan und Krater verschiedene Installationsm\u00f6glichkeiten, Farben und Lamellen, die alle \u00e4sthetischen und funktionalen Anforderungen Ihres Wohn- oder Gesch\u00e4ftsraums erf\u00fcllen. <\/p>\n<p>[\/et_pb_text][et_pb_button button_url=&#8220;#sekcijaStart&#8220; button_text=&#8220;Mehr Informationen&#8220; _builder_version=&#8220;4.26.0&#8243; _module_preset=&#8220;default&#8220; custom_button=&#8220;on&#8220; button_text_size=&#8220;13px&#8220; button_text_color=&#8220;#FFFFFF&#8220; button_bg_color=&#8220;#871922&#8243; button_border_width=&#8220;0px&#8220; button_border_radius=&#8220;25px&#8220; button_letter_spacing=&#8220;1px&#8220; button_font=&#8220;|||on|||||&#8220; button_icon=&#8220;&#xf061;||fa||900&#8243; button_on_hover=&#8220;off&#8220; custom_margin=&#8220;0px||0px||false|false&#8220; custom_margin_tablet=&#8220;0px||0px|242px|false|false&#8220; custom_margin_phone=&#8220;|||0px|false|false&#8220; custom_margin_last_edited=&#8220;on|tablet&#8220; custom_padding=&#8220;14px|44px|14px|30px|false|false&#8220; animation_style=&#8220;slide&#8220; animation_direction=&#8220;right&#8220; animation_intensity_slide=&#8220;2%&#8220; animation_speed_curve=&#8220;ease&#8220; locked=&#8220;off&#8220; global_colors_info=&#8220;{}&#8220; button_bg_color__hover_enabled=&#8220;on|hover&#8220; button_bg_color__hover=&#8220;#383E42&#8243; button_bg_enable_color__hover=&#8220;on&#8220; button_text_color__hover_enabled=&#8220;on|hover&#8220; button_text_color__hover=&#8220;#FFFFFF&#8220;][\/et_pb_button][et_pb_code admin_label=&#8220;Code f\u00fcr Inline-Schaltfl\u00e4chen&#8220; _builder_version=&#8220;4.25.0&#8243; _module_preset=&#8220;default&#8220; custom_margin=&#8220;0px||0px||false|false&#8220; custom_padding=&#8220;0px||0px||false|false&#8220; global_colors_info=&#8220;{}&#8220;]<\/p>\n<style><!-- [et_pb_line_break_holder] -->  .construction-23-inlbtn-sc<!-- [et_pb_line_break_holder] -->.et_pb_button_module_wrapper {<!-- [et_pb_line_break_holder] -->display: inline-block;<!-- [et_pb_line_break_holder] --><!-- [et_pb_line_break_holder] -->}<!-- [et_pb_line_break_holder] --><!-- [et_pb_line_break_holder] --><\/style>\n<p>[\/et_pb_code][\/et_pb_column][et_pb_column type=&#8220;2_5&#8243; disabled_on=&#8220;on|on|off&#8220; _builder_version=&#8220;4.25.0&#8243; _module_preset=&#8220;default&#8220; global_colors_info=&#8220;{}&#8220;][\/et_pb_column][\/et_pb_row][\/et_pb_section][et_pb_section fb_built=&#8220;1&#8243; module_id=&#8220;SektionStart&#8220; _builder_version=&#8220;4.26.0&#8243; _module_preset=&#8220;default&#8220; global_colors_info=&#8220;{}&#8220;][et_pb_row column_structure=&#8220;1_2,1_2&#8243; _builder_version=&#8220;4.26.0&#8243; _module_preset=&#8220;default&#8220; global_colors_info=&#8220;{}&#8220;][et_pb_column type=&#8220;1_2&#8243; _builder_version=&#8220;4.26.0&#8243; _module_preset=&#8220;default&#8220; global_colors_info=&#8220;{}&#8220;][et_pb_image src=&#8220;https:\/\/demag-pvc.com\/wp-content\/uploads\/Krpan-podometna-banner-scaled-1.jpg&#8220; title_text=&#8220;Leinen-Blatt-Banner-skaliert&#8220; _builder_version=&#8220;4.27.0&#8243; _module_preset=&#8220;default&#8220; global_colors_info=&#8220;{}&#8220;][\/et_pb_image][et_pb_video src=&#8220;https:\/\/youtu.be\/jo1Gs-GGebA&#8220; _builder_version=&#8220;4.27.0&#8243; _module_preset=&#8220;default&#8220; global_colors_info=&#8220;{}&#8220;][\/et_pb_video][\/et_pb_column][et_pb_column type=&#8220;1_2&#8243; _builder_version=&#8220;4.26.0&#8243; _module_preset=&#8220;default&#8220; global_colors_info=&#8220;{}&#8220;][et_pb_text _builder_version=&#8220;4.26.0&#8243; _module_preset=&#8220;default&#8220; text_font_size=&#8220;18px&#8220; header_2_font=&#8220;|600|||||||&#8220; header_2_text_align=&#8220;left&#8220; header_2_text_color=&#8220;#111112&#8243; header_2_font_size=&#8220;36px&#8220; custom_margin=&#8220;0px||-3px||false|false&#8220; custom_margin_tablet=&#8220;|||0px|false|false&#8220; custom_margin_phone=&#8220;|||0px|false|false&#8220; custom_margin_last_edited=&#8220;on|tablet&#8220; custom_padding=&#8220;20px||0px||false|false&#8220; animation_style=&#8220;slide&#8220; animation_direction=&#8220;right&#8220; animation_intensity_slide=&#8220;2%&#8220; animation_speed_curve=&#8220;ease&#8220; header_2_font_size_tablet=&#8220;30px&#8220; header_2_font_size_phone=&#8220;&#8220; header_2_font_size_last_edited=&#8220;on|tablet&#8220; locked=&#8220;off&#8220; global_colors_info=&#8220;{}&#8220;]<\/p>\n<h2>\u00c4USSERE BLINDE FL\u00c4CHE<\/h2>\n<p>[\/et_pb_text][et_pb_accordion open_toggle_text_color=&#8220;#121212&#8243; module_class=&#8220;opisProizvodaWoo&#8220; _builder_version=&#8220;4.27.0&#8243; _module_preset=&#8220;default&#8220; toggle_text_color=&#8220;#121212&#8243; toggle_font=&#8220;|600|||||||&#8220; toggle_font_size=&#8220;20px&#8220; animation_style=&#8220;slide&#8220; animation_direction=&#8220;right&#8220; animation_intensity_slide=&#8220;2%&#8220; animation_speed_curve=&#8220;ease&#8220; locked=&#8220;off&#8220; global_colors_info=&#8220;{}&#8220;][et_pb_accordion_item title=&#8220;Information&#8220; open=&#8220;on&#8220; _builder_version=&#8220;4.27.0&#8243; _module_preset=&#8220;default&#8220; global_colors_info=&#8220;{}&#8220;]<\/p>\n<p>Patch-Au\u00dfenjalousien sind Jalousien mit einem Standard-Performance-System. Das Jalousieset besteht aus Standardlamellen, Mechanismen, klassischen Halterungen und F\u00fchrungen sowie einem sichtbaren Gitter.<br \/>Patch-Au\u00dfenjalousien erm\u00f6glichen eine unabh\u00e4ngige Installation an allen Arten von Objekten. Sie eignen sich sowohl f\u00fcr den Neubau als auch f\u00fcr die Sanierung \u00e4lterer Geb\u00e4ude. Die Installation dieser Jalousien muss nicht im Voraus geplant werden, da sie erst nach Fertigstellung der Fassade installiert werden. Da die Jalousien sichtbar sind, versch\u00f6nern sie zusammen mit der Fassade und den Tischlerarbeiten in verschiedenen Farbkombinationen das \u00c4u\u00dfere des Hauses zus\u00e4tzlich. Die verdeckten Jalousien Krpan werden nach dem Einbau der Fenster und vor der Fassade am Geb\u00e4ude installiert, weshalb dieser Typ eher f\u00fcr Neubauten geeignet ist, da eine Vorplanung erforderlich ist.     <\/p>\n<p>&nbsp;<\/p>\n<p>Wenn wir nicht m\u00f6chten, dass das Paket komplexer Jalousien den hellen Teil des Fensters nicht erreicht, ist es wichtig, dass wir die M\u00f6glichkeit haben, die Jalousie \u00fcber das Fenster zu heben, und wir l\u00f6sen dies, indem wir es vorher herstellen<br \/>Zahn in den Fenstersturz oder montieren Sie das Fenster parallel zum \u00e4u\u00dferen Teil der Wand.<br \/>Die verdeckte Jalousie (Maske) ist mit einer Fassade abgedeckt, so dass sie von der Seite nicht sichtbar ist (d.h. vernachl\u00e4ssigbar wenig). Das bedeutet, dass es eine ideale L\u00f6sung f\u00fcr F\u00e4lle ist, in denen wir das \u00e4u\u00dfere Erscheinungsbild des Geb\u00e4udes damit nicht wesentlich beeintr\u00e4chtigen m\u00f6chten. <\/p>\n<p>Das Jalousieset besteht aus Standardlamellen, Mechanismus, klassischen Halterungen und F\u00fchrungen sowie einer verdeckten Maske.<\/p>\n<p>&nbsp;<\/p>\n<p>Zu den Installationsoptionen geh\u00f6ren:<\/p>\n<p>&nbsp;<\/p>\n<ul>\n<li>Standardinstallation &#8211; sichtbare Maske<\/li>\n<li>Verdeckte Installation &#8211; Verdeckte Maske<\/li>\n<\/ul>\n<p>&nbsp;<\/p>\n<p>Alle sichtbaren und verdeckten Au\u00dfenjalousien von Krpan k\u00f6nnen in verschiedenen Ausf\u00fchrungen bestellt werden:<\/p>\n<p>Sie k\u00f6nnen aus verschiedenen Arten von Lamellen (C-65 mm, C-80 mm, F-80 mm, Z-75 mm, Z-90 mm) mit MC-Stick-Steuerung (Kurbeln) oder elektrischer Steuerung w\u00e4hlen, alle in verschiedenen Farbkombinationen (Lamellen, Gitter, F\u00fchrungen und Endleisten).<\/p>\n<p>Es ist auch m\u00f6glich, verschiedene Arten von Moskitonetzen unter der Jalousie zu installieren (fest, Rollo, Schieberoll, Plissee); In diesem Fall betr\u00e4gt die Tiefe der Jalousie mehr als 120 mm. Meistens wird die Jalousie an einem Zahn im Sturz (d.h. \u00fcber dem Fenster) montiert. Bei der manuellen Bet\u00e4tigung wird der Fl\u00e4chenteil der Jalousie \u00fcber dem Fenster auf maximal 11 cm angehoben, um an der Kurbel einen Winkel von 45\u00b0 zu erreichen.  <\/p>\n<p>[\/et_pb_accordion_item][\/et_pb_accordion][\/et_pb_column][\/et_pb_row][\/et_pb_section][et_pb_section fb_built=&#8220;1&#8243; module_id=&#8220;SektionStart&#8220; _builder_version=&#8220;4.26.0&#8243; _module_preset=&#8220;default&#8220; global_colors_info=&#8220;{}&#8220;][et_pb_row column_structure=&#8220;1_2,1_2&#8243; _builder_version=&#8220;4.26.0&#8243; _module_preset=&#8220;default&#8220; global_colors_info=&#8220;{}&#8220;][et_pb_column type=&#8220;1_2&#8243; _builder_version=&#8220;4.26.0&#8243; _module_preset=&#8220;default&#8220; global_colors_info=&#8220;{}&#8220;][et_pb_image src=&#8220;https:\/\/demag-pvc.com\/wp-content\/uploads\/Krater-banner-scaled-1.jpg&#8220; title_text=&#8220;Krater-Banner skaliert&#8220; _builder_version=&#8220;4.27.0&#8243; _module_preset=&#8220;default&#8220; global_colors_info=&#8220;{}&#8220;][\/et_pb_image][et_pb_video src=&#8220;https:\/\/www.youtube.com\/watch?v=f_M7CvvNG-w&#8220; _builder_version=&#8220;4.27.0&#8243; _module_preset=&#8220;default&#8220; global_colors_info=&#8220;{}&#8220;][\/et_pb_video][\/et_pb_column][et_pb_column type=&#8220;1_2&#8243; _builder_version=&#8220;4.26.0&#8243; _module_preset=&#8220;default&#8220; global_colors_info=&#8220;{}&#8220;][et_pb_text _builder_version=&#8220;4.26.0&#8243; _module_preset=&#8220;default&#8220; text_font_size=&#8220;18px&#8220; header_2_font=&#8220;|600|||||||&#8220; header_2_text_align=&#8220;left&#8220; header_2_text_color=&#8220;#111112&#8243; header_2_font_size=&#8220;36px&#8220; custom_margin=&#8220;0px||-3px||false|false&#8220; custom_margin_tablet=&#8220;|||0px|false|false&#8220; custom_margin_phone=&#8220;|||0px|false|false&#8220; custom_margin_last_edited=&#8220;on|tablet&#8220; custom_padding=&#8220;20px||0px||false|false&#8220; animation_style=&#8220;slide&#8220; animation_direction=&#8220;right&#8220; animation_intensity_slide=&#8220;2%&#8220; animation_speed_curve=&#8220;ease&#8220; header_2_font_size_tablet=&#8220;30px&#8220; header_2_font_size_phone=&#8220;&#8220; header_2_font_size_last_edited=&#8220;on|tablet&#8220; locked=&#8220;off&#8220; global_colors_info=&#8220;{}&#8220;]<\/p>\n<h2>\u00c4USSERER LAMELLENKRATER<\/h2>\n<p>[\/et_pb_text][et_pb_accordion open_toggle_text_color=&#8220;#121212&#8243; module_class=&#8220;opisProizvodaWoo&#8220; _builder_version=&#8220;4.27.0&#8243; _module_preset=&#8220;default&#8220; toggle_text_color=&#8220;#121212&#8243; toggle_font=&#8220;|600|||||||&#8220; toggle_font_size=&#8220;20px&#8220; animation_style=&#8220;slide&#8220; animation_direction=&#8220;right&#8220; animation_intensity_slide=&#8220;2%&#8220; animation_speed_curve=&#8220;ease&#8220; locked=&#8220;off&#8220; global_colors_info=&#8220;{}&#8220;][et_pb_accordion_item title=&#8220;Information&#8220; open=&#8220;on&#8220; _builder_version=&#8220;4.27.0&#8243; _module_preset=&#8220;default&#8220; global_colors_info=&#8220;{}&#8220;]<\/p>\n<p>Charakteristisch f\u00fcr die KRATER-Jalousien, die das Rollladensystem und die Au\u00dfenjalousie vereint, ist, dass die komplette Jalousie vor der Fassade montiert wird.<\/p>\n<p>Und beim Bau der Fassade ist es nicht notwendig, die Bl\u00f6cke zu bearbeiten, da die massive Aluminiumf\u00fchrung an den Seiten die meisten Bl\u00f6cke abdeckt.<\/p>\n<p>Wir k\u00f6nnen problemlos ein Rollnetz in die Jalousie einbauen, da es das einzige System ist, das in der Basisversion alles f\u00fcr die sofortige oder sp\u00e4tere Installation vorbereitet hat.<\/p>\n<p>&nbsp;<\/p>\n<ul>\n<li>0,40 mm Alu-Lamellen (C-80 mm, C-65 mm, Z-75 mm, Z-90 mm)<\/li>\n<li>Alu Kompaktf\u00fchrungen, ALU Maske<\/li>\n<li>Grenzwerte: Breite 4000 mm, H\u00f6he 4500 mm, Fl\u00e4che 9 m<sup>2<\/sup>, Windklasse 3<\/li>\n<li>Steuerung \u00fcber MC-Stick oder \u00fcber Elektromotor (Schalter oder \u00fcber Fernbedienung)<\/li>\n<li>Die Farben der Lamellen sind in 4 Preisklassen unterteilt \u2013 Farbmuster<\/li>\n<li>F\u00fchrungen, Endleisten sind standardm\u00e4\u00dfig in den Farben Wei\u00df (RAL 9010), Grau (RAL 9006, RAL 9007, RAL 7016) und Braun (RAL 8019) gehalten. Maske in den Farben Wei\u00df (RAL 9010) und Roh (RAL 9006). Andere Farben &#8211; gegen Aufpreis.  <\/li>\n<li>Lamellenf\u00fchrung in jeder zweiten Lamelle<\/li>\n<li>Die Streifen sind grau, die Schuppen sind wei\u00df, grau oder schwarz, die F\u00fchrungen der Lamellen sind wei\u00df, braun oder grau, die Farbe der Kunststoffteile &#8211; schwarz<\/li>\n<li>Stilvoller Look<\/li>\n<li>Kompaktbauweise<\/li>\n<li>Einfache und schnelle Montage vor der Fassade<\/li>\n<li>Versteckte Hilfslinien<\/li>\n<li>M\u00f6glichkeit der verdeckten oder sichtbaren Installation<\/li>\n<li>M\u00f6glichkeit der Installation von Moskitonetzen<\/li>\n<\/ul>\n<p>&nbsp;<\/p>\n<p>Die Jalousien werden manuell mit einer Automatik und einem Joystick (Kurbeln) oder Elektromotoren gesteuert.<\/p>\n<p>&nbsp;<\/p>\n<p>Mit einem Elektromotorantrieb vermeiden wir den W\u00e4rmeverlust, der durch die \u00d6ffnung f\u00fcr das mechanische Getriebe der Lenkung entsteht. In der Basisversion des Elektroantriebs wird die Jalousie \u00fcber einen Schalter gesteuert, im komfortableren Modus mit Hilfe einer Fernbedienung, die den Einsatz eines Elektromotors mit eingebauten Empf\u00e4ngern erfordert, was gleichzeitig zahlreiche Steuerungsm\u00f6glichkeiten bietet. <\/p>\n<p>&nbsp;<\/p>\n<p>Wir k\u00f6nnen Fernbedienungen verwenden, die eine bestimmte Anzahl von Jalousien oder das Wetter steuern<\/p>\n<p>Uhren, mit denen Sie das Anheben oder Senken des Lidschattens zu einer bestimmten Stunde oder einem bestimmten Tag einstellen k\u00f6nnen. Dadurch <\/p>\n<p>Wir f\u00fchlen uns wie zu Hause, obwohl wir weg sind. Und noch mehr machen Klimasensoren m\u00f6glich <\/p>\n<p>die die Beschattung in Bezug auf Wetterbedingungen wie Sonne, Wind oder Regen regulieren.<\/p>\n<p>Auch Jalousien, die mit elektrischen Antrieben ausgestattet sind, k\u00f6nnen problemlos an das zentrale \u00dcberwachungssystem (CNS) angeschlossen werden, das ein integraler Bestandteil des intelligenten Zuhauses ist.<\/p>\n<p>[\/et_pb_accordion_item][\/et_pb_accordion][\/et_pb_column][\/et_pb_row][\/et_pb_section]<\/p>\n","protected":false},"excerpt":{"rendered":"<p>Au\u00dfenjalousien (Raffstore) bieten perfekten Schutz vor der Sonne und k\u00f6nnen die Lichtmenge regulieren, die in den Raum eindringt. Neben einer breiten Palette von Modellen bieten Krpan und Krater verschiedene Installationsm\u00f6glichkeiten, Farben und Lamellen, die alle \u00e4sthetischen und funktionalen Anforderungen Ihres Wohn- oder Gesch\u00e4ftsraums erf\u00fcllen. \u00c4USSERE BLINDE FL\u00c4CHEPatch-Au\u00dfenjalousien sind Jalousien mit einem Standard-Performance-System. Das Jalousieset besteht [&hellip;]<\/p>\n","protected":false},"author":1,"featured_media":987505451,"parent":0,"menu_order":0,"comment_status":"closed","ping_status":"closed","template":"","meta":{"_et_pb_use_builder":"on","_et_pb_old_content":"","_et_gb_content_width":"","inline_featured_image":false,"footnotes":""},"class_list":["post-987506020","page","type-page","status-publish","has-post-thumbnail","hentry"],"_links":{"self":[{"href":"https:\/\/demag-pvc.com\/de\/wp-json\/wp\/v2\/pages\/987506020","targetHints":{"allow":["GET"]}}],"collection":[{"href":"https:\/\/demag-pvc.com\/de\/wp-json\/wp\/v2\/pages"}],"about":[{"href":"https:\/\/demag-pvc.com\/de\/wp-json\/wp\/v2\/types\/page"}],"author":[{"embeddable":true,"href":"https:\/\/demag-pvc.com\/de\/wp-json\/wp\/v2\/users\/1"}],"replies":[{"embeddable":true,"href":"https:\/\/demag-pvc.com\/de\/wp-json\/wp\/v2\/comments?post=987506020"}],"version-history":[{"count":1,"href":"https:\/\/demag-pvc.com\/de\/wp-json\/wp\/v2\/pages\/987506020\/revisions"}],"predecessor-version":[{"id":987506023,"href":"https:\/\/demag-pvc.com\/de\/wp-json\/wp\/v2\/pages\/987506020\/revisions\/987506023"}],"wp:featuredmedia":[{"embeddable":true,"href":"https:\/\/demag-pvc.com\/de\/wp-json\/wp\/v2\/media\/987505451"}],"wp:attachment":[{"href":"https:\/\/demag-pvc.com\/de\/wp-json\/wp\/v2\/media?parent=987506020"}],"curies":[{"name":"wp","href":"https:\/\/api.w.org\/{rel}","templated":true}]}}