{"id":987506035,"date":"2024-06-27T16:19:30","date_gmt":"2024-06-27T14:19:30","guid":{"rendered":"https:\/\/www.demag-pvc.com\/harmo-felsen\/"},"modified":"2024-10-21T17:27:53","modified_gmt":"2024-10-21T15:27:53","slug":"harmo-felsen","status":"publish","type":"page","link":"https:\/\/demag-pvc.com\/de\/harmo-felsen\/","title":{"rendered":"Harmo-Felsen"},"content":{"rendered":"<p>[et_pb_section fb_built=&#8220;1&#8243; custom_padding_last_edited=&#8220;on|tablet&#8220; _builder_version=&#8220;4.26.0&#8243; _module_preset=&#8220;default&#8220; background_color=&#8220;rgba(56,62,66,0.6)&#8220; background_image=&#8220;https:\/\/demag-pvc.com\/wp-content\/uploads\/fdoor.jpg&#8220; background_blend=&#8220;overlay&#8220; overflow-x=&#8220;hidden&#8220; overflow-y=&#8220;hidden&#8220; custom_margin=&#8220;0px||0px||false|false&#8220; custom_padding=&#8220;181px||181px||true|false&#8220; custom_padding_tablet=&#8220;120px||90px||false|false&#8220; custom_padding_phone=&#8220;90px||60px||false|false&#8220; animation_style=&#8220;fade&#8220; animation_speed_curve=&#8220;ease&#8220; locked=&#8220;off&#8220; global_colors_info=&#8220;{}&#8220;][et_pb_row column_structure=&#8220;3_5,2_5&#8243; use_custom_gutter=&#8220;on&#8220; module_class=&#8220;construction-23-inlbtn-sc res-trans-on-1670&#8243; _builder_version=&#8220;4.26.0&#8243; _module_preset=&#8220;default&#8220; width=&#8220;90%&#8220; custom_margin=&#8220;0px||0px||false|false&#8220; custom_padding=&#8220;0px||0px||false|false&#8220; global_colors_info=&#8220;{}&#8220;][et_pb_column type=&#8220;3_5&#8243; _builder_version=&#8220;4.26.0&#8243; _module_preset=&#8220;default&#8220; background_color=&#8220;#FFFFFF&#8220; transform_scale_tablet=&#8220;&#8220; transform_scale_phone=&#8220;&#8220; transform_scale_last_edited=&#8220;on|desktop&#8220; transform_translate=&#8220;-80px|0px&#8220; transform_translate_tablet=&#8220;0px|0px&#8220; transform_translate_phone=&#8220;0px|0px&#8220; transform_translate_last_edited=&#8220;on|tablet&#8220; transform_translate_linked=&#8220;off&#8220; transform_rotate_tablet=&#8220;&#8220; transform_rotate_phone=&#8220;&#8220; transform_rotate_last_edited=&#8220;on|desktop&#8220; transform_skew_tablet=&#8220;&#8220; transform_skew_phone=&#8220;&#8220; transform_skew_last_edited=&#8220;on|desktop&#8220; transform_origin_tablet=&#8220;&#8220; transform_origin_phone=&#8220;&#8220; transform_origin_last_edited=&#8220;on|desktop&#8220; transform_styles_last_edited=&#8220;on|tablet&#8220; custom_padding=&#8220;80px|80px|80px|80px|false|false&#8220; custom_padding_tablet=&#8220;80px|80px|80px|80px|false|false&#8220; custom_padding_phone=&#8220;50px|30px|50px|30px|false|false&#8220; custom_padding_last_edited=&#8220;on|phone&#8220; animation_style=&#8220;slide&#8220; animation_direction=&#8220;bottom&#8220; animation_delay=&#8220;500ms&#8220; animation_intensity_slide=&#8220;4%&#8220; animation_speed_curve=&#8220;ease&#8220; transform_styles_tablet=&#8220;&#8220; transform_styles_phone=&#8220;&#8220; global_colors_info=&#8220;{}&#8220;][et_pb_text _builder_version=&#8220;4.26.0&#8243; _dynamic_attributes=&#8220;content&#8220; _module_preset=&#8220;default&#8220; header_font=&#8220;|700|||||||&#8220; header_text_align=&#8220;left&#8220; header_text_color=&#8220;#383E42&#8243; header_font_size=&#8220;72px&#8220; header_line_height=&#8220;1.1em&#8220; max_width=&#8220;900px&#8220; custom_margin=&#8220;0px||0px||false|false&#8220; custom_padding=&#8220;0px||0px||false|false&#8220; animation_style=&#8220;slide&#8220; animation_direction=&#8220;right&#8220; animation_intensity_slide=&#8220;2%&#8220; animation_speed_curve=&#8220;ease&#8220; header_font_size_tablet=&#8220;72px&#8220; header_font_size_phone=&#8220;60px&#8220; header_font_size_last_edited=&#8220;on|phone&#8220; locked=&#8220;off&#8220; global_colors_info=&#8220;{}&#8220;]@ET-DC@eyJkeW5hbWljIjp0cnVlLCJjb250ZW50IjoicG9zdF90aXRsZSIsInNldHRpbmdzIjp7ImJlZm9yZSI6IjxoMT4iLCJhZnRlciI6IjxcL2gxPiJ9fQ==@[\/et_pb_text][et_pb_text _builder_version=&#8220;4.26.0&#8243; _module_preset=&#8220;default&#8220; text_font=&#8220;||||||||&#8220; text_text_color=&#8220;#383E42&#8243; custom_margin_tablet=&#8220;0px||45px||false|false&#8220; custom_margin_phone=&#8220;0px||35px||false|false&#8220; custom_margin_last_edited=&#8220;on|phone&#8220; custom_padding=&#8220;0px||0px||false|false&#8220; animation_style=&#8220;slide&#8220; animation_direction=&#8220;right&#8220; animation_intensity_slide=&#8220;2%&#8220; animation_speed_curve=&#8220;ease&#8220; global_colors_info=&#8220;{}&#8220;]<\/p>\n<p>Harmo-W\u00e4nde passen sich Ihren \u00d6ffnungen an und wir k\u00f6nnen sie in einer breiten Palette von Farben anbieten. Harmo-W\u00e4nde sind eine ideale \u00e4sthetische L\u00f6sung, die die Eleganz und Modernit\u00e4t des Raumes gew\u00e4hrleistet. Dank ihrer faltbaren \u00d6ffnungsmethode nehmen sie nur minimalen Platz ein und erm\u00f6glichen es Ihnen, den Tageslichtfluss in Ihren Raum zu maximieren. Harmo Steine sind sehr praktisch und einfach zu bedienen und bieten Ihnen einen effektiven Schutz vor L\u00e4rm, Wind und K\u00e4lte. Sie werden in Winterg\u00e4rten und auf Balkonen eingesetzt.    <\/p>\n<p>[\/et_pb_text][et_pb_button button_url=&#8220;#sekcijaStart&#8220; button_text=&#8220;Mehr Informationen&#8220; _builder_version=&#8220;4.26.0&#8243; _module_preset=&#8220;default&#8220; custom_button=&#8220;on&#8220; button_text_size=&#8220;13px&#8220; button_text_color=&#8220;#FFFFFF&#8220; button_bg_color=&#8220;#871922&#8243; button_border_width=&#8220;0px&#8220; button_border_radius=&#8220;25px&#8220; button_letter_spacing=&#8220;1px&#8220; button_font=&#8220;|||on|||||&#8220; button_icon=&#8220;&#xf061;||fa||900&#8243; button_on_hover=&#8220;off&#8220; custom_margin=&#8220;0px||0px||false|false&#8220; custom_margin_tablet=&#8220;0px||0px|242px|false|false&#8220; custom_margin_phone=&#8220;|||0px|false|false&#8220; custom_margin_last_edited=&#8220;on|tablet&#8220; custom_padding=&#8220;14px|44px|14px|30px|false|false&#8220; animation_style=&#8220;slide&#8220; animation_direction=&#8220;right&#8220; animation_intensity_slide=&#8220;2%&#8220; animation_speed_curve=&#8220;ease&#8220; locked=&#8220;off&#8220; global_colors_info=&#8220;{}&#8220; button_bg_color__hover_enabled=&#8220;on|hover&#8220; button_bg_color__hover=&#8220;#383E42&#8243; button_bg_enable_color__hover=&#8220;on&#8220; button_text_color__hover_enabled=&#8220;on|hover&#8220; button_text_color__hover=&#8220;#FFFFFF&#8220;][\/et_pb_button][et_pb_code admin_label=&#8220;Code f\u00fcr Inline-Schaltfl\u00e4chen&#8220; _builder_version=&#8220;4.25.0&#8243; _module_preset=&#8220;default&#8220; custom_margin=&#8220;0px||0px||false|false&#8220; custom_padding=&#8220;0px||0px||false|false&#8220; global_colors_info=&#8220;{}&#8220;]<\/p>\n<style><!-- [et_pb_line_break_holder] -->  .construction-23-inlbtn-sc<!-- [et_pb_line_break_holder] -->.et_pb_button_module_wrapper {<!-- [et_pb_line_break_holder] -->display: inline-block;<!-- [et_pb_line_break_holder] --><!-- [et_pb_line_break_holder] -->}<!-- [et_pb_line_break_holder] --><!-- [et_pb_line_break_holder] --><\/style>\n<p>[\/et_pb_code][\/et_pb_column][et_pb_column type=&#8220;2_5&#8243; disabled_on=&#8220;on|on|off&#8220; _builder_version=&#8220;4.25.0&#8243; _module_preset=&#8220;default&#8220; global_colors_info=&#8220;{}&#8220;][\/et_pb_column][\/et_pb_row][\/et_pb_section][et_pb_section fb_built=&#8220;1&#8243; _builder_version=&#8220;4.25.2&#8243; _module_preset=&#8220;default&#8220; background_color=&#8220;#871922&#8243; z_index=&#8220;-500&#8243; custom_padding=&#8220;40px||40px||false|false&#8220; locked=&#8220;off&#8220; global_colors_info=&#8220;{}&#8220;][et_pb_row column_structure=&#8220;1_5,1_5,1_5,1_5,1_5&#8243; _builder_version=&#8220;4.25.2&#8243; _module_preset=&#8220;default&#8220; global_colors_info=&#8220;{}&#8220;][et_pb_column type=&#8220;1_5&#8243; _builder_version=&#8220;4.25.2&#8243; _module_preset=&#8220;default&#8220; global_colors_info=&#8220;{}&#8220;][et_pb_blurb title=&#8220;Energieeinsparung&#8220; image=&#8220;https:\/\/demag-pvc.com\/wp-content\/uploads\/save.svg&#8220; icon_placement=&#8220;left&#8220; image_icon_width=&#8220;128%&#8220; _builder_version=&#8220;4.25.2&#8243; _module_preset=&#8220;default&#8220; header_font=&#8220;|300|||||||&#8220; header_text_color=&#8220;#FFFFFF&#8220; header_font_size=&#8220;18px&#8220; custom_css_blurb_title=&#8220;padding-left: 10px;||padding-top: 3px;&#8220; global_colors_info=&#8220;{}&#8220;][\/et_pb_blurb][\/et_pb_column][et_pb_column type=&#8220;1_5&#8243; _builder_version=&#8220;4.25.2&#8243; _module_preset=&#8220;default&#8220; global_colors_info=&#8220;{}&#8220;][et_pb_blurb title=&#8220;Schalld\u00e4mmung&#8220; image=&#8220;https:\/\/demag-pvc.com\/wp-content\/uploads\/sound.svg&#8220; icon_placement=&#8220;left&#8220; image_icon_width=&#8220;128%&#8220; _builder_version=&#8220;4.25.2&#8243; _module_preset=&#8220;default&#8220; header_font=&#8220;|300|||||||&#8220; header_text_color=&#8220;#FFFFFF&#8220; header_font_size=&#8220;18px&#8220; custom_css_blurb_title=&#8220;padding-left: 10px;||padding-top: 3px;&#8220; global_colors_info=&#8220;{}&#8220;][\/et_pb_blurb][\/et_pb_column][et_pb_column type=&#8220;1_5&#8243; _builder_version=&#8220;4.25.2&#8243; _module_preset=&#8220;default&#8220; global_colors_info=&#8220;{}&#8220;][et_pb_blurb title=&#8220;Nat\u00fcrliches Licht&#8220; image=&#8220;https:\/\/demag-pvc.com\/wp-content\/uploads\/sunny.svg&#8220; icon_placement=&#8220;left&#8220; image_icon_width=&#8220;128%&#8220; _builder_version=&#8220;4.25.2&#8243; _module_preset=&#8220;default&#8220; header_font=&#8220;|300|||||||&#8220; header_text_color=&#8220;#FFFFFF&#8220; header_font_size=&#8220;18px&#8220; custom_css_blurb_title=&#8220;padding-left: 10px;||padding-top: 3px;&#8220; global_colors_info=&#8220;{}&#8220;][\/et_pb_blurb][\/et_pb_column][et_pb_column type=&#8220;1_5&#8243; _builder_version=&#8220;4.25.2&#8243; _module_preset=&#8220;default&#8220; global_colors_info=&#8220;{}&#8220;][et_pb_blurb title=&#8220;H\u00f6chste Qualit\u00e4t&#8220; image=&#8220;https:\/\/demag-pvc.com\/wp-content\/uploads\/quality.svg&#8220; icon_placement=&#8220;left&#8220; image_icon_width=&#8220;128%&#8220; _builder_version=&#8220;4.25.2&#8243; _module_preset=&#8220;default&#8220; header_font=&#8220;|300|||||||&#8220; header_text_color=&#8220;#FFFFFF&#8220; header_font_size=&#8220;18px&#8220; custom_css_blurb_title=&#8220;padding-left: 10px;||padding-top: 3px;&#8220; global_colors_info=&#8220;{}&#8220;][\/et_pb_blurb][\/et_pb_column][et_pb_column type=&#8220;1_5&#8243; _builder_version=&#8220;4.25.2&#8243; _module_preset=&#8220;default&#8220; global_colors_info=&#8220;{}&#8220;][et_pb_blurb title=&#8220;Modernes Design&#8220; image=&#8220;https:\/\/demag-pvc.com\/wp-content\/uploads\/pallete.svg&#8220; icon_placement=&#8220;left&#8220; image_icon_width=&#8220;128%&#8220; _builder_version=&#8220;4.25.2&#8243; _module_preset=&#8220;default&#8220; header_font=&#8220;|300|||||||&#8220; header_text_color=&#8220;#FFFFFF&#8220; header_font_size=&#8220;18px&#8220; custom_css_blurb_title=&#8220;padding-left: 10px;||padding-top: 3px;&#8220; global_colors_info=&#8220;{}&#8220;][\/et_pb_blurb][\/et_pb_column][\/et_pb_row][\/et_pb_section][et_pb_section fb_built=&#8220;1&#8243; module_id=&#8220;SektionStart&#8220; _builder_version=&#8220;4.26.0&#8243; _module_preset=&#8220;default&#8220; global_colors_info=&#8220;{}&#8220;][et_pb_row _builder_version=&#8220;4.26.0&#8243; _module_preset=&#8220;default&#8220; global_colors_info=&#8220;{}&#8220;][et_pb_column type=&#8220;4_4&#8243; _builder_version=&#8220;4.26.0&#8243; _module_preset=&#8220;default&#8220; global_colors_info=&#8220;{}&#8220;][et_pb_text _builder_version=&#8220;4.26.0&#8243; _module_preset=&#8220;default&#8220; text_font_size=&#8220;18px&#8220; header_2_font=&#8220;|600|||||||&#8220; header_2_text_align=&#8220;left&#8220; header_2_text_color=&#8220;#111112&#8243; header_2_font_size=&#8220;36px&#8220; custom_margin=&#8220;0px||-3px||false|false&#8220; custom_margin_tablet=&#8220;|||0px|false|false&#8220; custom_margin_phone=&#8220;|||0px|false|false&#8220; custom_margin_last_edited=&#8220;on|tablet&#8220; custom_padding=&#8220;20px||0px||false|false&#8220; animation_style=&#8220;slide&#8220; animation_direction=&#8220;right&#8220; animation_intensity_slide=&#8220;2%&#8220; animation_speed_curve=&#8220;ease&#8220; header_2_font_size_tablet=&#8220;30px&#8220; header_2_font_size_phone=&#8220;&#8220; header_2_font_size_last_edited=&#8220;on|tablet&#8220; locked=&#8220;off&#8220; global_colors_info=&#8220;{}&#8220;]<\/p>\n<h2>ALUMINIUM-FALTW\u00c4NDE<\/h2>\n<p>[\/et_pb_text][et_pb_text _builder_version=&#8220;4.27.0&#8243; _module_preset=&#8220;default&#8220; text_font_size=&#8220;18px&#8220; header_2_font=&#8220;|600|||||||&#8220; header_2_text_align=&#8220;left&#8220; header_2_text_color=&#8220;#111112&#8243; header_2_font_size=&#8220;36px&#8220; custom_margin=&#8220;0px||40px||false|false&#8220; custom_margin_tablet=&#8220;|||0px|false|false&#8220; custom_margin_phone=&#8220;|||0px|false|false&#8220; custom_margin_last_edited=&#8220;on|tablet&#8220; custom_padding=&#8220;6px||0px||false|false&#8220; animation_style=&#8220;slide&#8220; animation_direction=&#8220;right&#8220; animation_intensity_slide=&#8220;2%&#8220; animation_speed_curve=&#8220;ease&#8220; header_2_font_size_tablet=&#8220;30px&#8220; header_2_font_size_phone=&#8220;&#8220; header_2_font_size_last_edited=&#8220;on|tablet&#8220; locked=&#8220;off&#8220; global_colors_info=&#8220;{}&#8220;]<\/p>\n<p>Harmo-W\u00e4nde sind eine Kombination aus Funktionalit\u00e4t, \u00c4sthetik und der allgemeinen W\u00e4rme des Hauses, in dem Sie sich aufhalten. Harmo-Steine erg\u00e4nzen alles, was gew\u00f6hnliche Materialien (Ziegel, Beton, Holz) \u00e4sthetisch nicht genug formen k\u00f6nnen. Sie sind eine ideale L\u00f6sung f\u00fcr Sommerterrassen (f\u00fcr Caf\u00e9s usw.), bei denen \u00c4sthetik und Funktionalit\u00e4t von besonderer Bedeutung sind und sich gegenseitig erg\u00e4nzen m\u00fcssen. Wir \u00fcberlassen es Ihnen, Ihren Wohnraum mit unserer fachkundigen Beratung zu gestalten!   <\/p>\n<p>[\/et_pb_text][\/et_pb_column][\/et_pb_row][\/et_pb_section][et_pb_section fb_built=&#8220;1&#8243; _builder_version=&#8220;4.27.0&#8243; _module_preset=&#8220;default&#8220; global_colors_info=&#8220;{}&#8220;][et_pb_row column_structure=&#8220;1_2,1_2&#8243; _builder_version=&#8220;4.26.0&#8243; _module_preset=&#8220;default&#8220; global_colors_info=&#8220;{}&#8220;][et_pb_column type=&#8220;1_2&#8243; _builder_version=&#8220;4.26.0&#8243; _module_preset=&#8220;default&#8220; global_colors_info=&#8220;{}&#8220;][et_pb_gallery gallery_ids=&#8220;987503599,987503600,987503601&#8243; fullwidth=&#8220;on&#8220; _builder_version=&#8220;4.27.0&#8243; _module_preset=&#8220;default&#8220; global_colors_info=&#8220;{}&#8220;][\/et_pb_gallery][\/et_pb_column][et_pb_column type=&#8220;1_2&#8243; _builder_version=&#8220;4.26.0&#8243; _module_preset=&#8220;default&#8220; global_colors_info=&#8220;{}&#8220;][et_pb_text _builder_version=&#8220;4.27.0&#8243; _module_preset=&#8220;default&#8220; text_font_size=&#8220;18px&#8220; header_2_font=&#8220;|600|||||||&#8220; header_2_text_align=&#8220;left&#8220; header_2_text_color=&#8220;#111112&#8243; header_2_font_size=&#8220;36px&#8220; custom_margin=&#8220;0px||-3px||false|false&#8220; custom_margin_tablet=&#8220;|||0px|false|false&#8220; custom_margin_phone=&#8220;|||0px|false|false&#8220; custom_margin_last_edited=&#8220;on|tablet&#8220; custom_padding=&#8220;20px||0px||false|false&#8220; animation_style=&#8220;slide&#8220; animation_direction=&#8220;right&#8220; animation_intensity_slide=&#8220;2%&#8220; animation_speed_curve=&#8220;ease&#8220; header_2_font_size_tablet=&#8220;30px&#8220; header_2_font_size_phone=&#8220;&#8220; header_2_font_size_last_edited=&#8220;on|tablet&#8220; locked=&#8220;off&#8220; global_colors_info=&#8220;{}&#8220;]<\/p>\n<h2>Reynaers Concept Faltbar 77<\/h2>\n<p>[\/et_pb_text][et_pb_text _builder_version=&#8220;4.26.0&#8243; _module_preset=&#8220;default&#8220; text_font_size=&#8220;18px&#8220; header_2_font=&#8220;|600|||||||&#8220; header_2_text_align=&#8220;left&#8220; header_2_text_color=&#8220;#111112&#8243; header_2_font_size=&#8220;36px&#8220; custom_margin=&#8220;0px||40px||false|false&#8220; custom_margin_tablet=&#8220;|||0px|false|false&#8220; custom_margin_phone=&#8220;|||0px|false|false&#8220; custom_margin_last_edited=&#8220;on|tablet&#8220; custom_padding=&#8220;6px||0px||false|false&#8220; animation_style=&#8220;slide&#8220; animation_direction=&#8220;right&#8220; animation_intensity_slide=&#8220;2%&#8220; animation_speed_curve=&#8220;ease&#8220; header_2_font_size_tablet=&#8220;30px&#8220; header_2_font_size_phone=&#8220;&#8220; header_2_font_size_last_edited=&#8220;on|tablet&#8220; locked=&#8220;off&#8220; global_colors_info=&#8220;{}&#8220;]<\/p>\n<p>Die Menschen sind st\u00e4ndig auf der Suche nach M\u00f6glichkeiten, ihren Raum sowohl visuell als auch physisch zu maximieren. Concept Folding\u00ae 77 bietet ihnen die M\u00f6glichkeit, die Nutzung ihrer R\u00e4ume zu optimieren und die Au\u00dfenwelt in ihr Zuhause zu holen. Bei verbesserter Raumausnutzung bietet dieses innovative System den Vorteil, dass es viel Tageslicht einl\u00e4sst, sowie ein \u00e4sthetisches Design. Ein weiteres praktisches Feature des CF 77 ist das optionale T\u00fcrverriegelungsprinzip, mit dem der erste Fl\u00fcgel als Haust\u00fcr genutzt werden kann, ohne die Faltf\u00e4higkeit des Systems zu beeintr\u00e4chtigen.   <\/p>\n<p>[\/et_pb_text][et_pb_accordion open_toggle_text_color=&#8220;#121212&#8243; module_class=&#8220;opisProizvodaWoo&#8220; _builder_version=&#8220;4.27.0&#8243; _module_preset=&#8220;default&#8220; toggle_text_color=&#8220;#121212&#8243; toggle_font=&#8220;|600|||||||&#8220; toggle_font_size=&#8220;20px&#8220; animation_style=&#8220;slide&#8220; animation_direction=&#8220;right&#8220; animation_intensity_slide=&#8220;2%&#8220; animation_speed_curve=&#8220;ease&#8220; global_colors_info=&#8220;{}&#8220;][et_pb_accordion_item title=&#8220;Gro\u00dfe Auswahl an L\u00f6sungen&#8220; open=&#8220;on&#8220; _builder_version=&#8220;4.27.0&#8243; _module_preset=&#8220;default&#8220; global_colors_info=&#8220;{}&#8220;]<\/p>\n<p>Beim CF 77 gehen Design und Benutzerfreundlichkeit Hand in Hand mit hoher technischer Leistung.<\/p>\n<p>Eine eigenst\u00e4ndige L\u00f6sung besteht aus neuen Profilen, Zubeh\u00f6rteilen und Isolationstechnologien, die speziell f\u00fcr Faltsysteme konzipiert sind. Es bietet hohe Isolationswerte (Uf-Werte bis zu 2,25 W\/m2K), die sowohl den strengen Anforderungen der lokalen Gesetzgebung als auch den Marktanforderungen entsprechen. Erh\u00e4ltlich in einer Reihe von Konfigurationen mit 2 bis 8 T\u00fcrbl\u00e4ttern, k\u00f6nnen Sie ein Design w\u00e4hlen, bei dem ein kompletter Satz von L\u00fcftungsschlitzen auf derselben Seite gestapelt wird, oder das Design an einer beliebigen Stelle teilen, m\u00f6glicherweise mit einer zentralen T\u00fcrl\u00f6sung.  <\/p>\n<p>[\/et_pb_accordion_item][et_pb_accordion_item title=&#8220;Innovative funktionale und technische Eigenschaften:&#8220; _builder_version=&#8220;4.27.0&#8243; _module_preset=&#8220;default&#8220; global_colors_info=&#8220;{}&#8220; open=&#8220;off&#8220;]<\/p>\n<ul>\n<li>Hohe W\u00e4rmed\u00e4mmung<\/li>\n<li>Wasserdichtigkeit bis zu 600 Pa<\/li>\n<li>Verglasung bis 63 mm<\/li>\n<li>2 bis 8 Kombinationen von Bel\u00fcftungs\u00f6ffnungen<\/li>\n<li>Anti-Diebstahl-Variante<\/li>\n<li>Gro\u00dfe Gr\u00f6\u00dfen von L\u00fcftungsschlitzen<\/li>\n<li>Hohe \u00d6ffnungsgewichte<\/li>\n<li>Nach innen und au\u00dfen \u00f6ffnend mit den gleichen Profilen<\/li>\n<li>Funktionalit\u00e4t des Fensters oder der T\u00fcr f\u00fcr die erste \u00d6ffnung<\/li>\n<li>Integriertes und zentral installiertes Bodenschiebesystem<\/li>\n<\/ul>\n<p>&nbsp;<\/p>\n<p>&nbsp;<\/p>\n<p>&nbsp;<\/p>\n<p>&nbsp;<\/p>\n<table>\n<tbody>\n<tr>\n<td width=\"141\">\n<p>&nbsp;<\/p>\n<\/td>\n<td width=\"94\">\n<p><strong>Max. Gr\u00f6\u00dfe der \u00d6ffnung (mm) <\/strong><\/p>\n<\/td>\n<td width=\"104\">\n<p><strong>Max. Gewicht der \u00d6ffnung <\/strong><\/p>\n<\/td>\n<td width=\"85\">\n<p><strong>Uw (W\/m\u00b2K)<\/strong>*<\/p>\n<\/td>\n<td width=\"76\">\n<p><strong>Uf (W\/m\u00b2K)<\/strong><\/p>\n<\/td>\n<td width=\"100\">\n<p><strong>Sichtbare Breite<\/strong><\/p>\n<p><strong>Vent-Vent-Teil<\/strong><\/p>\n<\/td>\n<\/tr>\n<tr>\n<td width=\"141\">\n<p>Reynaers CF 77<\/p>\n<\/td>\n<td width=\"94\">\n<p>1200&#215;3000 cm<\/p>\n<\/td>\n<td width=\"104\">\n<p>120 kg<\/p>\n<\/td>\n<td width=\"85\">\n<p>bis zu 1,66<\/p>\n<\/td>\n<td width=\"76\">\n<p>bis zu 2,25<\/p>\n<\/td>\n<td width=\"100\">\n<p>ca. 144 mm<\/p>\n<\/td>\n<\/tr>\n<tr>\n<td width=\"141\">\n<p>Reynaers CF 77-SL<\/p>\n<\/td>\n<td width=\"94\">\n<p>1200&#215;3000 cm<\/p>\n<\/td>\n<td width=\"104\">\n<p>120 kg<\/p>\n<\/td>\n<td width=\"85\">\n<p>bis zu 1,64<\/p>\n<\/td>\n<td width=\"76\">\n<p>bis 2.31<\/p>\n<\/td>\n<td width=\"100\">\n<p>ca. 122 mm<\/p>\n<\/td>\n<\/tr>\n<tr>\n<td width=\"141\">\n<p>Reynaers CF 77-AP<\/p>\n<\/td>\n<td width=\"94\">\n<p>1200&#215;3000 cm<\/p>\n<\/td>\n<td width=\"104\">\n<p>120 kg<\/p>\n<\/td>\n<td width=\"85\">\n<p>bis zu 1,66<\/p>\n<\/td>\n<td width=\"76\">\n<p>bis zu 2,25<\/p>\n<\/td>\n<td width=\"100\">\n<p>ca. 144 mm<\/p>\n<\/td>\n<\/tr>\n<tr>\n<td width=\"141\">\n<p>Reynaers CF 77-SL\/AP<\/p>\n<\/td>\n<td width=\"94\">\n<p>1200&#215;3000 cm<\/p>\n<\/td>\n<td width=\"104\">\n<p>120 kg<\/p>\n<\/td>\n<td width=\"85\">\n<p>bis zu 1,64<\/p>\n<\/td>\n<td width=\"76\">\n<p>bis 2.31<\/p>\n<\/td>\n<td width=\"100\">\n<p>ca. 122 mm<\/p>\n<\/td>\n<\/tr>\n<\/tbody>\n<\/table>\n<p><span> <\/span><\/p>\n<p>[\/et_pb_accordion_item][et_pb_accordion_item title=&#8220;Ausf\u00fchrungsvarianten&#8220; _builder_version=&#8220;4.27.0&#8243; _module_preset=&#8220;default&#8220; global_colors_info=&#8220;{}&#8220; open=&#8220;off&#8220;]<\/p>\n<p>Neben dem funktionalen Design wird der CF 77 durch die Slim-Line-Variante, den CF 77-SL, erg\u00e4nzt, der \u00fcber einen schmaleren<\/p>\n<p>sichtbare Breite. Beide Ausf\u00fchrungen sind in vier verschiedenen Einstiegsleisten erh\u00e4ltlich: High Performance, Double Weather Seal, Low Threshold und Flat Bottom Solution. Die Option High Performance bietet maximale Leistung in Bezug auf Luft-, Wind- und Wasserbest\u00e4ndigkeit. Die Double Weather Seal-L\u00f6sung kombiniert eine gute Luft-, Wind- und Wasserbest\u00e4ndigkeit mit einer reduzierten Schwelle und eignet sich gut f\u00fcr Renovierungsprojekte. Die Option Low Threshold bietet eine Steigung von nur 18 mm und die endg\u00fcltige L\u00f6sung mit flachem Boden erm\u00f6glicht einen einfachen Durchgang und maximalen Komfort bei starkem Verkehr.    <\/p>\n<p><em>4 verschiedene Schwellenl\u00f6sungen, um funktionale Anforderungen und Leistungsniveaus zu erf\u00fcllen:<\/em><\/p>\n<p>&nbsp;<\/p>\n<table>\n<tbody>\n<tr>\n<td colspan=\"2\" width=\"200\">\n<p><strong> <\/strong><\/p>\n<\/td>\n<td width=\"100\">\n<p><strong>Der flache Boden.<\/strong><\/p>\n<\/td>\n<td width=\"100\">\n<p><strong>Niedrige Schwelle<\/strong><\/p>\n<\/td>\n<td width=\"100\">\n<p><strong>Doppelte Wetterdichtung<\/strong><\/p>\n<\/td>\n<td width=\"100\">\n<p><strong>Hochleistung<\/strong><\/p>\n<\/td>\n<\/tr>\n<tr>\n<td width=\"56\"><\/td>\n<td width=\"144\">\n<p>Luftdichtheit<\/p>\n<\/td>\n<td width=\"100\">\n<p>Nicht zutreffend<\/p>\n<\/td>\n<td width=\"100\">\n<p>Klasse 2<\/p>\n<\/td>\n<td width=\"100\">\n<p>Klasse 2<\/p>\n<\/td>\n<td width=\"100\">\n<p>Bis Klasse 4<\/p>\n<\/td>\n<\/tr>\n<tr>\n<td width=\"56\"><\/td>\n<td width=\"144\">\n<p>Widerstandsf\u00e4higkeit gegen Windlast<\/p>\n<\/td>\n<td width=\"100\">\n<p>Nicht zutreffend<\/p>\n<\/td>\n<td width=\"100\">\n<p>Klasse B2<\/p>\n<\/td>\n<td width=\"100\">\n<p>Klasse B2<\/p>\n<\/td>\n<td width=\"100\">\n<p>bis Klasse B3<\/p>\n<\/td>\n<\/tr>\n<tr>\n<td width=\"56\"><\/td>\n<td width=\"144\">\n<p>Einbruchschutz<\/p>\n<\/td>\n<td width=\"100\">\n<p>RC 2<\/p>\n<\/td>\n<td width=\"100\">\n<p>RC 2<\/p>\n<\/td>\n<td width=\"100\">\n<p>RC 2<\/p>\n<\/td>\n<td width=\"100\">\n<p>RC 2<\/p>\n<\/td>\n<\/tr>\n<tr>\n<td width=\"56\"><\/td>\n<td width=\"144\">\n<p>Impr\u00e4gnierung<\/p>\n<\/td>\n<td width=\"100\">\n<p>Nicht zutreffend<\/p>\n<\/td>\n<td width=\"100\">\n<p>Klasse 4A<\/p>\n<p>(150 Pa)<\/p>\n<\/td>\n<td width=\"100\">\n<p>Klasse 5A<\/p>\n<p>(200 Pa)<\/p>\n<\/td>\n<td width=\"100\">\n<p>bis Klasse 9A<\/p>\n<p>(600 Pa)<\/p>\n<\/td>\n<\/tr>\n<tr>\n<td colspan=\"2\" width=\"200\">\n<p>&nbsp;<\/p>\n<\/td>\n<td width=\"100\">\n<p>&#8211; Optimale Zug\u00e4nglichkeit<\/p>\n<p>&#8211; \u00c4sthetischer Boden<\/p>\n<p>L\u00f6sung<\/p>\n<p>&#8211; Wirtschaftliche L\u00f6sung<\/p>\n<\/td>\n<td width=\"100\">\n<p>&#8211; Einfach hinzuzuf\u00fcgen<\/p>\n<p>(18 mm Schwelle)<\/p>\n<p>&#8211; Grundlegende AWW-Einstufung<\/p>\n<p>-Zeitstempel<\/p>\n<\/td>\n<td width=\"100\">\n<p>&#8211; Doppelter Wetterschutz<\/p>\n<p>&#8211; Geeignet f\u00fcr Renovierungen<\/p>\n<\/td>\n<td width=\"100\">\n<p>-Hochleistung<\/p>\n<p>&#8211; Doppelter Wetterschutz<\/p>\n<p>&#8211; 3 verschiedene Leistungsstufen in<\/p>\n<p>Ein einzelnes Profil<\/p>\n<\/td>\n<\/tr>\n<\/tbody>\n<\/table>\n<p>&nbsp;<\/p>\n<p><span> <\/span><\/p>\n<p>[\/et_pb_accordion_item][\/et_pb_accordion][\/et_pb_column][\/et_pb_row][\/et_pb_section]<\/p>\n","protected":false},"excerpt":{"rendered":"<p>Harmo-W\u00e4nde passen sich Ihren \u00d6ffnungen an und wir k\u00f6nnen sie in einer breiten Palette von Farben anbieten. Harmo-W\u00e4nde sind eine ideale \u00e4sthetische L\u00f6sung, die die Eleganz und Modernit\u00e4t des Raumes gew\u00e4hrleistet. Dank ihrer faltbaren \u00d6ffnungsmethode nehmen sie nur minimalen Platz ein und erm\u00f6glichen es Ihnen, den Tageslichtfluss in Ihren Raum zu maximieren. Harmo Steine sind [&hellip;]<\/p>\n","protected":false},"author":1,"featured_media":987505451,"parent":0,"menu_order":0,"comment_status":"closed","ping_status":"closed","template":"","meta":{"_et_pb_use_builder":"on","_et_pb_old_content":"","_et_gb_content_width":"","inline_featured_image":false,"footnotes":""},"class_list":["post-987506035","page","type-page","status-publish","has-post-thumbnail","hentry"],"_links":{"self":[{"href":"https:\/\/demag-pvc.com\/de\/wp-json\/wp\/v2\/pages\/987506035","targetHints":{"allow":["GET"]}}],"collection":[{"href":"https:\/\/demag-pvc.com\/de\/wp-json\/wp\/v2\/pages"}],"about":[{"href":"https:\/\/demag-pvc.com\/de\/wp-json\/wp\/v2\/types\/page"}],"author":[{"embeddable":true,"href":"https:\/\/demag-pvc.com\/de\/wp-json\/wp\/v2\/users\/1"}],"replies":[{"embeddable":true,"href":"https:\/\/demag-pvc.com\/de\/wp-json\/wp\/v2\/comments?post=987506035"}],"version-history":[{"count":1,"href":"https:\/\/demag-pvc.com\/de\/wp-json\/wp\/v2\/pages\/987506035\/revisions"}],"predecessor-version":[{"id":987506038,"href":"https:\/\/demag-pvc.com\/de\/wp-json\/wp\/v2\/pages\/987506035\/revisions\/987506038"}],"wp:featuredmedia":[{"embeddable":true,"href":"https:\/\/demag-pvc.com\/de\/wp-json\/wp\/v2\/media\/987505451"}],"wp:attachment":[{"href":"https:\/\/demag-pvc.com\/de\/wp-json\/wp\/v2\/media?parent=987506035"}],"curies":[{"name":"wp","href":"https:\/\/api.w.org\/{rel}","templated":true}]}}